{"id":1324,"date":"2016-01-08T08:57:06","date_gmt":"2016-01-08T08:57:06","guid":{"rendered":"https:\/\/www.hotelmennini.com\/de\/camere\/"},"modified":"2017-09-27T09:54:19","modified_gmt":"2017-09-27T09:54:19","slug":"zimmer","status":"publish","type":"page","link":"https:\/\/www.hotelmennini.com\/de\/zimmer\/","title":{"rendered":"Zimmer"},"content":{"rendered":"<div class=\"wpb-content-wrapper\">[vc_row el_class=&#8220;box-interno&#8220;][vc_column][vc_column_text el_class=&#8220;wrap&#8220;]\n<h1>Zimmer<\/h1>\n<p class=\"testopagine\">Die durch die vor Kurzem durchgef\u00fchrte Renovierung mehr als <b>komfortabel<\/b> gewordenen 63 Zimmer und Junior Suiten des <b>Hotels Mennini<\/b> entsprechen den besten Standards, die von <b>3 Sterne-Hotels<\/b> in <b>Mailand<\/b> angeboten werden.<\/p>\n<p class=\"testopagine\">Sie sind mit geschmackvoll n\u00fcchtern und funktionell eingerichtet, haben alle Internetanschluss, Satellitenfernseher, Telefon, K\u00fchlschrankbar und Klimaanlage, eigenes Bad mit Badewanne oder Dusche, einem <b>Haartrockner<\/b> und einem praktischen K\u00f6rperpflegeset vom Haus. Einige Zimmer sind f\u00fcr Nichtraucher bestimmt und haben eine <b>allergenfreie<\/b> Einrichtung und Ausstattung.<\/p>\n[\/vc_column_text][\/vc_column][\/vc_row][vc_row][vc_column][vc_empty_space][\/vc_column][\/vc_row][vc_row el_class=&#8220;wrap&#8220;][vc_column width=&#8220;1\/2&#8243;][vc_column_text el_class=&#8220;txt-interno&#8220;]\n<p class=\"testopagine\">Die Wahl der neuen Zimmer des Hotel Mennini bedeutet, von der an der Stadt Mailand inspirierten Einrichtung und der entspannenden und friedlichen Atmosph\u00e4re der zweckm\u00e4\u00dfigen und <strong>vollkommen schallged\u00e4mmten<\/strong> R\u00e4umlichkeiten, die sich durch ihre Fu\u00dfb\u00f6den aus Teakholz auszeichnen, bezaubert zu sein. Jedes Zimmer verf\u00fcgt \u00fcber den modernsten Komfort, einen LCD-Fernseher und einen <strong>WLan<\/strong>-Anschluss. Die Betten mit ihren weichen Federbetten sind ausgesprochen bequem. Das Bad ist mit Badewanne und Dusche ausgestattet. Wenn Sie mit Ihrem geliebten Vierbeiner reisen, reservieren Sie ein Zimmer mit Terrasse und bitten Sie um <strong>das Pflegeset f\u00fcr Ihren treuen Freund<\/strong>!<\/p>\n<h3>Komfort<\/h3>\n<ul>\n<li>Nichtraucher<\/li>\n<li>Internetanschluss<\/li>\n<li>Satellitenfernsehen<\/li>\n<li>Telefon<\/li>\n<li>K\u00fchlschrankbar<\/li>\n<li>Klimaanlage<\/li>\n<li>Zimmerservice<\/li>\n<\/ul>\n[\/vc_column_text][\/vc_column][vc_column width=&#8220;1\/2&#8243;][vc_column_text]\n<div id=\"box-offerte\">\n<h3>Sonderangebote<\/h3>\n<div class=\"flexslider\" style=\"width:100%;\"><ul class=\"slides\"><li><a href=\"https:\/\/www.hotelmennini.com\/de\/offers\/sonderangebote-fur-internet\/\"><img loading=\"lazy\" decoding=\"async\" width=\"500\" height=\"240\" src=\"https:\/\/www.hotelmennini.com\/wp-content\/uploads\/2013\/09\/09-Camera-Doppia-1-500x240.jpg\" class=\"attachment-slider_medium_large size-slider_medium_large\" alt=\"\" srcset=\"https:\/\/www.hotelmennini.com\/wp-content\/uploads\/2013\/09\/09-Camera-Doppia-1-500x240.jpg 500w, https:\/\/www.hotelmennini.com\/wp-content\/uploads\/2013\/09\/09-Camera-Doppia-1-210x100.jpg 210w\" sizes=\"auto, (max-width: 500px) 100vw, 500px\" \/><\/a><div class=\"flex-caption\"><div class=\"original-price price-all\"><\/div><div class=\"reducted-price price-all\"><\/div><div class=\"clear\"><\/div><div class=\"clear\"><\/div><div class=\"offer_title\"><a href=\"https:\/\/www.hotelmennini.com\/de\/offers\/sonderangebote-fur-internet\/\">Sonderangebote f\u00fcr Internet<\/a><\/div><\/div><\/li><\/ul><\/div>\n<h4><a href=\"https:\/\/www.hotelmennini.com\/de\/sonderangebote\/\">Zur vollst\u00e4ndigen Liste gehen<\/a><\/h4>\n<\/div>\n[\/vc_column_text][\/vc_column][\/vc_row][vc_row el_class=&#8220;wrap&#8220;][vc_column][vc_column_text]\n<h2>Unsere Zimmer<\/h2>\n[\/vc_column_text][\/vc_column][\/vc_row][vc_row el_class=&#8220;section_singola&#8220;][vc_column][vc_row_inner el_class=&#8220;wrap&#8220;][vc_column_inner][vc_images_carousel images=&#8220;896,897,898&#8243; img_size=&#8220;full&#8220; onclick=&#8220;link_no&#8220; speed=&#8220;3000&#8243; autoplay=&#8220;yes&#8220; hide_prev_next_buttons=&#8220;yes&#8220; wrap=&#8220;yes&#8220;][vc_column_text]\n<dl class=\"tipologie\">\n<dt>\n<h2>Einzelzimmer<\/h2>\n<\/dt>\n<dd>\n<h5><a href=\"https:\/\/book2.nozio.com\/accommodation\/list?channelId=24b95680-280d-46b7-9fc8-b67011ac4308&amp;culture=de\">Buchen<\/a><\/h5>\n<\/dd>\n<\/dl>\n[\/vc_column_text][\/vc_column_inner][\/vc_row_inner][\/vc_column][\/vc_row][vc_row][vc_column][vc_empty_space height=&#8220;50px&#8220;][\/vc_column][\/vc_row][vc_row el_class=&#8220;section_doppia&#8220;][vc_column][vc_row_inner el_class=&#8220;wrap&#8220;][vc_column_inner][vc_images_carousel images=&#8220;914,912,913&#8243; img_size=&#8220;full&#8220; onclick=&#8220;link_no&#8220; speed=&#8220;3000&#8243; autoplay=&#8220;yes&#8220; hide_prev_next_buttons=&#8220;yes&#8220; wrap=&#8220;yes&#8220;][vc_column_text]\n<dl class=\"tipologie\">\n<dt>\n<h2>Doppelzimmer<\/h2>\n<\/dt>\n<dd>\n<h5><a href=\"https:\/\/book2.nozio.com\/accommodation\/list?channelId=24b95680-280d-46b7-9fc8-b67011ac4308&amp;culture=de\">Buchen<\/a><\/h5>\n<\/dd>\n<\/dl>\n[\/vc_column_text][\/vc_column_inner][\/vc_row_inner][\/vc_column][\/vc_row][vc_row][vc_column][vc_empty_space height=&#8220;50px&#8220;][\/vc_column][\/vc_row][vc_row el_class=&#8220;section_tripla&#8220;][vc_column][vc_row_inner el_class=&#8220;wrap&#8220;][vc_column_inner][vc_images_carousel images=&#8220;917,915,916&#8243; img_size=&#8220;full&#8220; onclick=&#8220;link_no&#8220; speed=&#8220;3000&#8243; autoplay=&#8220;yes&#8220; hide_prev_next_buttons=&#8220;yes&#8220; wrap=&#8220;yes&#8220;][vc_column_text]\n<dl class=\"tipologie\">\n<dt>\n<h2>Dreibettzimmer<\/h2>\n<\/dt>\n<dd>\n<h5><a href=\"https:\/\/book2.nozio.com\/accommodation\/list?channelId=24b95680-280d-46b7-9fc8-b67011ac4308&amp;culture=de\">Buchen<\/a><\/h5>\n<\/dd>\n<\/dl>\n[\/vc_column_text][\/vc_column_inner][\/vc_row_inner][\/vc_column][\/vc_row]\n<\/div>","protected":false},"excerpt":{"rendered":"<p>[vc_row el_class=&#8220;box-interno&#8220;][vc_column][vc_column_text el_class=&#8220;wrap&#8220;] Zimmer Die durch die vor Kurzem durchgef\u00fchrte Renovierung mehr als komfortabel gewordenen 63 Zimmer und Junior Suiten des Hotels Mennini entsprechen den besten Standards, die von 3 Sterne-Hotels in Mailand angeboten werden. Sie sind mit geschmackvoll n\u00fcchtern und funktionell eingerichtet, haben alle Internetanschluss, Satellitenfernseher, Telefon, K\u00fchlschrankbar und Klimaanlage, eigenes Bad mit Badewanne [&hellip;]<\/p>\n","protected":false},"author":30,"featured_media":0,"parent":0,"menu_order":0,"comment_status":"closed","ping_status":"closed","template":"","meta":{"_genesis_hide_title":false,"_genesis_hide_breadcrumbs":false,"_genesis_hide_singular_image":false,"_genesis_hide_footer_widgets":false,"_genesis_custom_body_class":"","_genesis_custom_post_class":"","_genesis_layout":"","footnotes":""},"class_list":{"0":"post-1324","1":"page","2":"type-page","3":"status-publish","5":"entry"},"yoast_head":"<!-- This site is optimized with the Yoast SEO plugin v25.6 - https:\/\/yoast.com\/wordpress\/plugins\/seo\/ -->\n<title>Zimmer | Hotel Mennini Milano<\/title>\n<meta name=\"description\" content=\"Zimmer, Hotel Mennini Mailand: liegt zwischen dem Hauptbahnhof und der Innenstadt von Mailand, wenige Schritte von den U-Bahnstationen zur Messe und zum Dom entfernt.\" \/>\n<meta name=\"robots\" content=\"index, follow, max-snippet:-1, max-image-preview:large, max-video-preview:-1\" \/>\n<link rel=\"canonical\" href=\"https:\/\/www.hotelmennini.com\/de\/zimmer\/\" \/>\n<meta property=\"og:locale\" content=\"de_DE\" \/>\n<meta property=\"og:type\" content=\"article\" \/>\n<meta property=\"og:title\" content=\"Zimmer | Hotel Mennini Milano\" \/>\n<meta property=\"og:description\" content=\"Zimmer, Hotel Mennini Mailand: liegt zwischen dem Hauptbahnhof und der Innenstadt von Mailand, wenige Schritte von den U-Bahnstationen zur Messe und zum Dom entfernt.\" \/>\n<meta property=\"og:url\" content=\"https:\/\/www.hotelmennini.com\/de\/zimmer\/\" \/>\n<meta property=\"og:site_name\" content=\"Hotel Mennini\" \/>\n<meta property=\"article:modified_time\" content=\"2017-09-27T09:54:19+00:00\" \/>\n<meta name=\"twitter:label1\" content=\"Gesch\u00e4tzte Lesezeit\" \/>\n\t<meta name=\"twitter:data1\" content=\"2\u00a0Minuten\" \/>\n<script type=\"application\/ld+json\" class=\"yoast-schema-graph\">{\"@context\":\"https:\/\/schema.org\",\"@graph\":[{\"@type\":\"WebPage\",\"@id\":\"https:\/\/www.hotelmennini.com\/de\/zimmer\/\",\"url\":\"https:\/\/www.hotelmennini.com\/de\/zimmer\/\",\"name\":\"Zimmer | Hotel Mennini Milano\",\"isPartOf\":{\"@id\":\"https:\/\/www.hotelmennini.com\/de\/#website\"},\"datePublished\":\"2016-01-08T08:57:06+00:00\",\"dateModified\":\"2017-09-27T09:54:19+00:00\",\"description\":\"Zimmer, Hotel Mennini Mailand: liegt zwischen dem Hauptbahnhof und der Innenstadt von Mailand, wenige Schritte von den U-Bahnstationen zur Messe und zum Dom entfernt.\",\"breadcrumb\":{\"@id\":\"https:\/\/www.hotelmennini.com\/de\/zimmer\/#breadcrumb\"},\"inLanguage\":\"de\",\"potentialAction\":[{\"@type\":\"ReadAction\",\"target\":[\"https:\/\/www.hotelmennini.com\/de\/zimmer\/\"]}]},{\"@type\":\"BreadcrumbList\",\"@id\":\"https:\/\/www.hotelmennini.com\/de\/zimmer\/#breadcrumb\",\"itemListElement\":[{\"@type\":\"ListItem\",\"position\":1,\"name\":\"Home\",\"item\":\"https:\/\/www.hotelmennini.com\/de\/\"},{\"@type\":\"ListItem\",\"position\":2,\"name\":\"Zimmer\"}]},{\"@type\":\"WebSite\",\"@id\":\"https:\/\/www.hotelmennini.com\/de\/#website\",\"url\":\"https:\/\/www.hotelmennini.com\/de\/\",\"name\":\"Hotel Mennini\",\"description\":\"\",\"potentialAction\":[{\"@type\":\"SearchAction\",\"target\":{\"@type\":\"EntryPoint\",\"urlTemplate\":\"https:\/\/www.hotelmennini.com\/de\/?s={search_term_string}\"},\"query-input\":{\"@type\":\"PropertyValueSpecification\",\"valueRequired\":true,\"valueName\":\"search_term_string\"}}],\"inLanguage\":\"de\"}]}<\/script>\n<!-- \/ Yoast SEO plugin. -->","yoast_head_json":{"title":"Zimmer | Hotel Mennini Milano","description":"Zimmer, Hotel Mennini Mailand: liegt zwischen dem Hauptbahnhof und der Innenstadt von Mailand, wenige Schritte von den U-Bahnstationen zur Messe und zum Dom entfernt.","robots":{"index":"index","follow":"follow","max-snippet":"max-snippet:-1","max-image-preview":"max-image-preview:large","max-video-preview":"max-video-preview:-1"},"canonical":"https:\/\/www.hotelmennini.com\/de\/zimmer\/","og_locale":"de_DE","og_type":"article","og_title":"Zimmer | Hotel Mennini Milano","og_description":"Zimmer, Hotel Mennini Mailand: liegt zwischen dem Hauptbahnhof und der Innenstadt von Mailand, wenige Schritte von den U-Bahnstationen zur Messe und zum Dom entfernt.","og_url":"https:\/\/www.hotelmennini.com\/de\/zimmer\/","og_site_name":"Hotel Mennini","article_modified_time":"2017-09-27T09:54:19+00:00","twitter_misc":{"Gesch\u00e4tzte Lesezeit":"2\u00a0Minuten"},"schema":{"@context":"https:\/\/schema.org","@graph":[{"@type":"WebPage","@id":"https:\/\/www.hotelmennini.com\/de\/zimmer\/","url":"https:\/\/www.hotelmennini.com\/de\/zimmer\/","name":"Zimmer | Hotel Mennini Milano","isPartOf":{"@id":"https:\/\/www.hotelmennini.com\/de\/#website"},"datePublished":"2016-01-08T08:57:06+00:00","dateModified":"2017-09-27T09:54:19+00:00","description":"Zimmer, Hotel Mennini Mailand: liegt zwischen dem Hauptbahnhof und der Innenstadt von Mailand, wenige Schritte von den U-Bahnstationen zur Messe und zum Dom entfernt.","breadcrumb":{"@id":"https:\/\/www.hotelmennini.com\/de\/zimmer\/#breadcrumb"},"inLanguage":"de","potentialAction":[{"@type":"ReadAction","target":["https:\/\/www.hotelmennini.com\/de\/zimmer\/"]}]},{"@type":"BreadcrumbList","@id":"https:\/\/www.hotelmennini.com\/de\/zimmer\/#breadcrumb","itemListElement":[{"@type":"ListItem","position":1,"name":"Home","item":"https:\/\/www.hotelmennini.com\/de\/"},{"@type":"ListItem","position":2,"name":"Zimmer"}]},{"@type":"WebSite","@id":"https:\/\/www.hotelmennini.com\/de\/#website","url":"https:\/\/www.hotelmennini.com\/de\/","name":"Hotel Mennini","description":"","potentialAction":[{"@type":"SearchAction","target":{"@type":"EntryPoint","urlTemplate":"https:\/\/www.hotelmennini.com\/de\/?s={search_term_string}"},"query-input":{"@type":"PropertyValueSpecification","valueRequired":true,"valueName":"search_term_string"}}],"inLanguage":"de"}]}},"publishpress_future_action":{"enabled":false,"date":"2026-05-10 17:30:07","action":"change-status","newStatus":"draft","terms":[],"taxonomy":"translation_priority","extraData":[]},"publishpress_future_workflow_manual_trigger":{"enabledWorkflows":[]},"_links":{"self":[{"href":"https:\/\/www.hotelmennini.com\/de\/wp-json\/wp\/v2\/pages\/1324","targetHints":{"allow":["GET"]}}],"collection":[{"href":"https:\/\/www.hotelmennini.com\/de\/wp-json\/wp\/v2\/pages"}],"about":[{"href":"https:\/\/www.hotelmennini.com\/de\/wp-json\/wp\/v2\/types\/page"}],"author":[{"embeddable":true,"href":"https:\/\/www.hotelmennini.com\/de\/wp-json\/wp\/v2\/users\/30"}],"replies":[{"embeddable":true,"href":"https:\/\/www.hotelmennini.com\/de\/wp-json\/wp\/v2\/comments?post=1324"}],"version-history":[{"count":4,"href":"https:\/\/www.hotelmennini.com\/de\/wp-json\/wp\/v2\/pages\/1324\/revisions"}],"predecessor-version":[{"id":1625,"href":"https:\/\/www.hotelmennini.com\/de\/wp-json\/wp\/v2\/pages\/1324\/revisions\/1625"}],"wp:attachment":[{"href":"https:\/\/www.hotelmennini.com\/de\/wp-json\/wp\/v2\/media?parent=1324"}],"curies":[{"name":"wp","href":"https:\/\/api.w.org\/{rel}","templated":true}]}}