{"id":1331,"date":"2016-01-26T13:29:49","date_gmt":"2016-01-26T13:29:49","guid":{"rendered":"https:\/\/www.hotelmennini.com\/de\/?page_id=1331"},"modified":"2016-01-28T09:36:49","modified_gmt":"2016-01-28T09:36:49","slug":"dienstleistungen","status":"publish","type":"page","link":"https:\/\/www.hotelmennini.com\/de\/dienstleistungen\/","title":{"rendered":"Dienstleistungen"},"content":{"rendered":"<div class=\"wpb-content-wrapper\">[vc_row el_class=&#8220;box-interno&#8220;][vc_column][vc_column_text el_class=&#8220;wrap&#8220;]\n<h1>Dienstleistungen<\/h1>\n<p class=\"testopagine\">Das moderne und funktionelle Hotel Mennini sticht unter den <b>3 Sterne-Hotels von Mailand<\/b> durch sein gr\u00f6\u00dferes Serviceangebot hervor, das sowohl den Arbeitsaufenthalt, als auch den touristischen Aufenthalt \u00e4u\u00dferst komfortabel macht. Die G\u00e4ste k\u00f6nnen, da die <b>Rezeption<\/b> wie auch die 50 Meter entfernte <b>Vertragsgarage<\/b> <b>rund um die Uhr<\/b> ge\u00f6ffnet sind, jederzeit im Hotel einchecken und finden in der Hotelhalle einen <b>Wi-Fi-Internetpoint<\/b> und die wichtigsten italienischen und internationalen <b>Tageszeitungen<\/b>, sowie Tourismusinformationen zu ihrer Verf\u00fcgung vor.<\/p>\n[\/vc_column_text][\/vc_column][\/vc_row][vc_row el_class=&#8220;wrap&#8220;][vc_column width=&#8220;1\/2&#8243;][vc_column_text el_class=&#8220;txt-interno&#8220;]\n<p class=\"testopagine\">An der Rezeption kann man au\u00dferdem auf Anfrage gef\u00fchrte Besichtigungen und Ausfl\u00fcge, Autos mit oder ohne Chauffeur und einen Dolmetscherdienst f\u00fcr die Kunden buchen, die einen solchen brauchen.<br \/>\nDas sehr gute Fr\u00fchst\u00fccksb\u00fcffet mit dem <b>kontinentalen Fr\u00fchst\u00fcck<\/b> wird im Fr\u00fchst\u00fcckssaal serviert, wo die internationalen G\u00e4ste, die \u00fcblicherweise im Hotel absteigen, nach Belieben ausw\u00e4hlen k\u00f6nnen. Auf Anfrage wird den G\u00e4sten das Fr\u00fchst\u00fcck auch bequem <b>auf das Zimmer<\/b> serviert.<\/p>\n<p class=\"testopagine\">Heute bietet das Hotel Mennini seinen G\u00e4sten einen <strong>noch hochwertigeren Komfort<\/strong> und Dienstleistungen! Von der neuen Einrichtung, die dem Hotel Eleganz und Charme verleihen, bis zum Begr\u00fc\u00dfungsdrink, der Sie bei Ihrer Ankunft erwartet, oder dem <strong>Fr\u00fchst\u00fcck f\u00fcr Z\u00f6liakie-Kranke<\/strong> &#8211; die den G\u00e4sten entgegen gebrachten Aufmerksamkeiten haben kein Ende! Unter anderem der <strong>kostenlose WLan-Anschluss<\/strong> in der Hotelhalle, der <strong>Transferservice zum Flughafen<\/strong>, das vertragsgebundene Restaurant f\u00fcr ein schmackhaftes Abendessen im Hotel und ein bequemer <strong>Tee-Kocher<\/strong> auf den Zimmern!<\/p>\n[\/vc_column_text][\/vc_column][vc_column width=&#8220;1\/2&#8243;][vc_media_grid element_width=&#8220;6&#8243; gap=&#8220;0&#8243; item=&#8220;mediaGrid_FadeInWithIcon&#8220; grid_id=&#8220;vc_gid:1453814958312-b0be2196-b82a-1&#8243; include=&#8220;959,957,956,958&#8243;][\/vc_column][\/vc_row][vc_row el_class=&#8220;bg_linkservizi&#8220; css=&#8220;.vc_custom_1452876093699{margin-top: 30px !important;margin-bottom: 30px !important;padding-top: 15px !important;padding-bottom: 15px !important;background-image: url(https:\/\/www.hotelmennini.com\/wp-content\/uploads\/2016\/01\/bg_linkservizi.jpg?id=1095) !important;}&#8220;][vc_column][vc_row_inner el_class=&#8220;wrap&#8220;][vc_column_inner width=&#8220;1\/2&#8243;][vc_column_text el_class=&#8220;box-index-section5&#8243;]\n<div class=\"box-index-galleria\">\n<p><a href=\"https:\/\/www.hotelmennini.com\/de\/fotogalerie\/\"><img decoding=\"async\" src=\"https:\/\/www.hotelmennini.com\/wp-content\/uploads\/2016\/01\/link_gallery.jpg\" alt=\"\" \/><\/a><\/p>\n<h2>Fotogalerie<\/h2>\n<\/div>\n[\/vc_column_text][\/vc_column_inner][vc_column_inner width=&#8220;1\/2&#8243;][vc_column_text el_class=&#8220;box-index-section5&#8243;]\n<div class=\"box-index-servizi\">\n<p><a href=\"https:\/\/www.hotelmennini.com\/fr\/meetings\/\"><img decoding=\"async\" src=\"https:\/\/www.hotelmennini.com\/wp-content\/uploads\/2016\/01\/link_meetings.jpg\" alt=\"\" \/><\/a><\/p>\n<h2>Meetings<\/h2>\n<\/div>\n[\/vc_column_text][\/vc_column_inner][\/vc_row_inner][\/vc_column][\/vc_row][vc_row el_class=&#8220;wrap&#8220;][vc_column width=&#8220;1\/4&#8243;][vc_single_image image=&#8220;954&#8243; img_size=&#8220;222&#215;222&#8243; style=&#8220;vc_box_border&#8220; onclick=&#8220;img_link_large&#8220; css_animation=&#8220;appear&#8220;][\/vc_column][vc_column width=&#8220;1\/4&#8243;][vc_column_text]\n<h3>Pet Friendly<\/h3>\n<p>Wenn auch <strong>Ihr Hund<\/strong> zu unseren G\u00e4sten z\u00e4hlen m\u00f6chte, bitten Sie um eine Zimmer mit Terrasse und einen Napf![\/vc_column_text][\/vc_column][vc_column width=&#8220;1\/2&#8243;][vc_column_text]\n<h3>Dienstleistungen<\/h3>\n<p class=\"testoda1\">Rezeption 24Std. &#8211; Wi-Fi-Internet point &#8211; Dolmetscher &#8211; W\u00e4schereidienst &#8211; B\u00fcgeldienst &#8211; Kleine Haustiere sind willkommen &#8211; Mietauto mit\/ohne Chauffeur &#8211; Vertragsgarage<\/p>\n[\/vc_column_text][\/vc_column][\/vc_row]\n<\/div>","protected":false},"excerpt":{"rendered":"<p>[vc_row el_class=&#8220;box-interno&#8220;][vc_column][vc_column_text el_class=&#8220;wrap&#8220;] Dienstleistungen Das moderne und funktionelle Hotel Mennini sticht unter den 3 Sterne-Hotels von Mailand durch sein gr\u00f6\u00dferes Serviceangebot hervor, das sowohl den Arbeitsaufenthalt, als auch den touristischen Aufenthalt \u00e4u\u00dferst komfortabel macht. Die G\u00e4ste k\u00f6nnen, da die Rezeption wie auch die 50 Meter entfernte Vertragsgarage rund um die Uhr ge\u00f6ffnet sind, jederzeit im [&hellip;]<\/p>\n","protected":false},"author":30,"featured_media":0,"parent":0,"menu_order":0,"comment_status":"closed","ping_status":"closed","template":"","meta":{"_genesis_hide_title":false,"_genesis_hide_breadcrumbs":false,"_genesis_hide_singular_image":false,"_genesis_hide_footer_widgets":false,"_genesis_custom_body_class":"","_genesis_custom_post_class":"","_genesis_layout":"","footnotes":""},"class_list":{"0":"post-1331","1":"page","2":"type-page","3":"status-publish","5":"entry"},"yoast_head":"<!-- This site is optimized with the Yoast SEO plugin v25.6 - https:\/\/yoast.com\/wordpress\/plugins\/seo\/ -->\n<title>Dienstleistungen - Hotel Mennini<\/title>\n<meta name=\"description\" content=\"Dienstleistungen, Hotel Mennini Mailand: liegt zwischen dem Hauptbahnhof und der Innenstadt von Mailand, wenige Schritte von den U-Bahnstationen zur Messe und zum Dom entfernt.\" \/>\n<meta name=\"robots\" content=\"index, follow, max-snippet:-1, max-image-preview:large, max-video-preview:-1\" \/>\n<link rel=\"canonical\" href=\"https:\/\/www.hotelmennini.com\/de\/dienstleistungen\/\" \/>\n<meta property=\"og:locale\" content=\"de_DE\" \/>\n<meta property=\"og:type\" content=\"article\" \/>\n<meta property=\"og:title\" content=\"Dienstleistungen - Hotel Mennini\" \/>\n<meta property=\"og:description\" content=\"Dienstleistungen, Hotel Mennini Mailand: liegt zwischen dem Hauptbahnhof und der Innenstadt von Mailand, wenige Schritte von den U-Bahnstationen zur Messe und zum Dom entfernt.\" \/>\n<meta property=\"og:url\" content=\"https:\/\/www.hotelmennini.com\/de\/dienstleistungen\/\" \/>\n<meta property=\"og:site_name\" content=\"Hotel Mennini\" \/>\n<meta property=\"article:modified_time\" content=\"2016-01-28T09:36:49+00:00\" \/>\n<meta property=\"og:image\" content=\"https:\/\/www.hotelmennini.com\/wp-content\/uploads\/2016\/01\/link_gallery.jpg\" \/>\n<meta name=\"twitter:label1\" content=\"Gesch\u00e4tzte Lesezeit\" \/>\n\t<meta name=\"twitter:data1\" content=\"2\u00a0Minuten\" \/>\n<script type=\"application\/ld+json\" class=\"yoast-schema-graph\">{\"@context\":\"https:\/\/schema.org\",\"@graph\":[{\"@type\":\"WebPage\",\"@id\":\"https:\/\/www.hotelmennini.com\/de\/dienstleistungen\/\",\"url\":\"https:\/\/www.hotelmennini.com\/de\/dienstleistungen\/\",\"name\":\"Dienstleistungen - Hotel Mennini\",\"isPartOf\":{\"@id\":\"https:\/\/www.hotelmennini.com\/de\/#website\"},\"primaryImageOfPage\":{\"@id\":\"https:\/\/www.hotelmennini.com\/de\/dienstleistungen\/#primaryimage\"},\"image\":{\"@id\":\"https:\/\/www.hotelmennini.com\/de\/dienstleistungen\/#primaryimage\"},\"thumbnailUrl\":\"https:\/\/www.hotelmennini.com\/wp-content\/uploads\/2016\/01\/link_gallery.jpg\",\"datePublished\":\"2016-01-26T13:29:49+00:00\",\"dateModified\":\"2016-01-28T09:36:49+00:00\",\"description\":\"Dienstleistungen, Hotel Mennini Mailand: liegt zwischen dem Hauptbahnhof und der Innenstadt von Mailand, wenige Schritte von den U-Bahnstationen zur Messe und zum Dom entfernt.\",\"breadcrumb\":{\"@id\":\"https:\/\/www.hotelmennini.com\/de\/dienstleistungen\/#breadcrumb\"},\"inLanguage\":\"de\",\"potentialAction\":[{\"@type\":\"ReadAction\",\"target\":[\"https:\/\/www.hotelmennini.com\/de\/dienstleistungen\/\"]}]},{\"@type\":\"ImageObject\",\"inLanguage\":\"de\",\"@id\":\"https:\/\/www.hotelmennini.com\/de\/dienstleistungen\/#primaryimage\",\"url\":\"https:\/\/www.hotelmennini.com\/wp-content\/uploads\/2016\/01\/link_gallery.jpg\",\"contentUrl\":\"https:\/\/www.hotelmennini.com\/wp-content\/uploads\/2016\/01\/link_gallery.jpg\"},{\"@type\":\"BreadcrumbList\",\"@id\":\"https:\/\/www.hotelmennini.com\/de\/dienstleistungen\/#breadcrumb\",\"itemListElement\":[{\"@type\":\"ListItem\",\"position\":1,\"name\":\"Home\",\"item\":\"https:\/\/www.hotelmennini.com\/de\/\"},{\"@type\":\"ListItem\",\"position\":2,\"name\":\"Dienstleistungen\"}]},{\"@type\":\"WebSite\",\"@id\":\"https:\/\/www.hotelmennini.com\/de\/#website\",\"url\":\"https:\/\/www.hotelmennini.com\/de\/\",\"name\":\"Hotel Mennini\",\"description\":\"\",\"potentialAction\":[{\"@type\":\"SearchAction\",\"target\":{\"@type\":\"EntryPoint\",\"urlTemplate\":\"https:\/\/www.hotelmennini.com\/de\/?s={search_term_string}\"},\"query-input\":{\"@type\":\"PropertyValueSpecification\",\"valueRequired\":true,\"valueName\":\"search_term_string\"}}],\"inLanguage\":\"de\"}]}<\/script>\n<!-- \/ Yoast SEO plugin. -->","yoast_head_json":{"title":"Dienstleistungen - Hotel Mennini","description":"Dienstleistungen, Hotel Mennini Mailand: liegt zwischen dem Hauptbahnhof und der Innenstadt von Mailand, wenige Schritte von den U-Bahnstationen zur Messe und zum Dom entfernt.","robots":{"index":"index","follow":"follow","max-snippet":"max-snippet:-1","max-image-preview":"max-image-preview:large","max-video-preview":"max-video-preview:-1"},"canonical":"https:\/\/www.hotelmennini.com\/de\/dienstleistungen\/","og_locale":"de_DE","og_type":"article","og_title":"Dienstleistungen - Hotel Mennini","og_description":"Dienstleistungen, Hotel Mennini Mailand: liegt zwischen dem Hauptbahnhof und der Innenstadt von Mailand, wenige Schritte von den U-Bahnstationen zur Messe und zum Dom entfernt.","og_url":"https:\/\/www.hotelmennini.com\/de\/dienstleistungen\/","og_site_name":"Hotel Mennini","article_modified_time":"2016-01-28T09:36:49+00:00","og_image":[{"url":"https:\/\/www.hotelmennini.com\/wp-content\/uploads\/2016\/01\/link_gallery.jpg","type":"","width":"","height":""}],"twitter_misc":{"Gesch\u00e4tzte Lesezeit":"2\u00a0Minuten"},"schema":{"@context":"https:\/\/schema.org","@graph":[{"@type":"WebPage","@id":"https:\/\/www.hotelmennini.com\/de\/dienstleistungen\/","url":"https:\/\/www.hotelmennini.com\/de\/dienstleistungen\/","name":"Dienstleistungen - Hotel Mennini","isPartOf":{"@id":"https:\/\/www.hotelmennini.com\/de\/#website"},"primaryImageOfPage":{"@id":"https:\/\/www.hotelmennini.com\/de\/dienstleistungen\/#primaryimage"},"image":{"@id":"https:\/\/www.hotelmennini.com\/de\/dienstleistungen\/#primaryimage"},"thumbnailUrl":"https:\/\/www.hotelmennini.com\/wp-content\/uploads\/2016\/01\/link_gallery.jpg","datePublished":"2016-01-26T13:29:49+00:00","dateModified":"2016-01-28T09:36:49+00:00","description":"Dienstleistungen, Hotel Mennini Mailand: liegt zwischen dem Hauptbahnhof und der Innenstadt von Mailand, wenige Schritte von den U-Bahnstationen zur Messe und zum Dom entfernt.","breadcrumb":{"@id":"https:\/\/www.hotelmennini.com\/de\/dienstleistungen\/#breadcrumb"},"inLanguage":"de","potentialAction":[{"@type":"ReadAction","target":["https:\/\/www.hotelmennini.com\/de\/dienstleistungen\/"]}]},{"@type":"ImageObject","inLanguage":"de","@id":"https:\/\/www.hotelmennini.com\/de\/dienstleistungen\/#primaryimage","url":"https:\/\/www.hotelmennini.com\/wp-content\/uploads\/2016\/01\/link_gallery.jpg","contentUrl":"https:\/\/www.hotelmennini.com\/wp-content\/uploads\/2016\/01\/link_gallery.jpg"},{"@type":"BreadcrumbList","@id":"https:\/\/www.hotelmennini.com\/de\/dienstleistungen\/#breadcrumb","itemListElement":[{"@type":"ListItem","position":1,"name":"Home","item":"https:\/\/www.hotelmennini.com\/de\/"},{"@type":"ListItem","position":2,"name":"Dienstleistungen"}]},{"@type":"WebSite","@id":"https:\/\/www.hotelmennini.com\/de\/#website","url":"https:\/\/www.hotelmennini.com\/de\/","name":"Hotel Mennini","description":"","potentialAction":[{"@type":"SearchAction","target":{"@type":"EntryPoint","urlTemplate":"https:\/\/www.hotelmennini.com\/de\/?s={search_term_string}"},"query-input":{"@type":"PropertyValueSpecification","valueRequired":true,"valueName":"search_term_string"}}],"inLanguage":"de"}]}},"publishpress_future_action":{"enabled":false,"date":"2026-05-14 00:10:30","action":"change-status","newStatus":"draft","terms":[],"taxonomy":"translation_priority","extraData":[]},"publishpress_future_workflow_manual_trigger":{"enabledWorkflows":[]},"_links":{"self":[{"href":"https:\/\/www.hotelmennini.com\/de\/wp-json\/wp\/v2\/pages\/1331","targetHints":{"allow":["GET"]}}],"collection":[{"href":"https:\/\/www.hotelmennini.com\/de\/wp-json\/wp\/v2\/pages"}],"about":[{"href":"https:\/\/www.hotelmennini.com\/de\/wp-json\/wp\/v2\/types\/page"}],"author":[{"embeddable":true,"href":"https:\/\/www.hotelmennini.com\/de\/wp-json\/wp\/v2\/users\/30"}],"replies":[{"embeddable":true,"href":"https:\/\/www.hotelmennini.com\/de\/wp-json\/wp\/v2\/comments?post=1331"}],"version-history":[{"count":1,"href":"https:\/\/www.hotelmennini.com\/de\/wp-json\/wp\/v2\/pages\/1331\/revisions"}],"predecessor-version":[{"id":1334,"href":"https:\/\/www.hotelmennini.com\/de\/wp-json\/wp\/v2\/pages\/1331\/revisions\/1334"}],"wp:attachment":[{"href":"https:\/\/www.hotelmennini.com\/de\/wp-json\/wp\/v2\/media?parent=1331"}],"curies":[{"name":"wp","href":"https:\/\/api.w.org\/{rel}","templated":true}]}}