{"id":1371,"date":"2014-01-07T14:54:56","date_gmt":"2014-01-07T14:54:56","guid":{"rendered":"https:\/\/www.hotelmennini.com\/de\/posizione\/"},"modified":"2018-07-11T14:23:57","modified_gmt":"2018-07-11T14:23:57","slug":"lage","status":"publish","type":"page","link":"https:\/\/www.hotelmennini.com\/de\/lage\/","title":{"rendered":"Lage"},"content":{"rendered":"<div class=\"wpb-content-wrapper\">[vc_row el_class=&#8220;box-interno&#8220;][vc_column][vc_column_text el_class=&#8220;wrap&#8220;]\n<h1>Lage<\/h1>\n<p class=\"testopagine\">Das Hotel Mennini, das sich unter den <b>3 Sterne-Hotels von Mailand<\/b> einer sehr guten Lage erfreut, befindet sich 150 Meter vom <b>Hauptbahnhof<\/b> und von den <b>Flughafenbusstationen<\/b> zu den Flugh\u00e4fen Malpensa, Linate und Bergamo Orio al Serio, sowie 100 Meter von den <b>U-Bahnstationen<\/b> der gelben Linie M3 zum Dom und der gr\u00fcnen Linie M2 nach Loreto (Corso Buenos Aires), Cadorna (Umsteigem\u00f6glichkeit zur Messe und zum Flughafen Malpensa) und Sant&#8217;Ambrogio entfernt. Diese bieten zusammen mit den verschiedenen <b>Stra\u00dfenbahnen<\/b> und <b>Bussen<\/b> f\u00fcr das Hotel Mennini eine praktische Verbindung sowohl zu den Gesch\u00e4ftsvierteln, als auch zu den touristischen Sehensw\u00fcrdigkeiten und den Einkaufsstra\u00dfen der Stadt.<\/p>\n[\/vc_column_text][\/vc_column][\/vc_row][vc_row][vc_column][vc_empty_space][\/vc_column][\/vc_row][vc_row el_class=&#8220;wrap&#8220;][vc_column][vc_column_text]\n<h2>Wie Sie uns erreichen k\u00f6nnen<\/h2>\n[\/vc_column_text][\/vc_column][\/vc_row][vc_row el_class=&#8220;section_map&#8220;][vc_column][vc_row_inner el_class=&#8220;wrap&#8220;][vc_column_inner][vc_gmaps link=&#8220;#E-8_JTNDaWZyYW1lJTIwc3JjJTNEJTIyaHR0cHMlM0ElMkYlMkZ3d3cuaG90ZWxtZW5uaW5pLmNvbSUyRndwLWNvbnRlbnQlMkZ0aGVtZXMlMkZob3RlbG1lbm5pbmklMkZtYXBwYS5odG0lMjIlMjB3aWR0aCUzRCUyMjEwMCUyNSUyMiUyMGhlaWdodCUzRCUyMjU1MHB4JTIyJTIwZnJhbWVib3JkZXIlM0QlMjIwJTIyJTNFJTNDJTJGaWZyYW1lJTNFJTBB&#8220;][\/vc_column_inner][\/vc_row_inner][\/vc_column][\/vc_row][vc_row el_class=&#8220;wrap&#8220;][vc_column][vc_empty_space height=&#8220;20px&#8220;][vc_column_text]<a href=\"https:\/\/www.hotelmennini.com\/de\/wie-sie-uns-erreichen\/\" class=\"popup\" data-width=\"750\" data-height=\"600\" data-scrollbars=\"1\" alt=\"popup\">\n<h4 class=\"nascondimobile\">Drucken Sie Die Karte<\/h4>\n<\/a>[\/vc_column_text][\/vc_column][\/vc_row][vc_row el_class=&#8220;wrap&#8220;][vc_column width=&#8220;1\/4&#8243;][vc_column_text]\n<h3>MIT DEM FLUGZEUG<\/h3>\n<p class=\"testoda1bis\">Die Pendelbusse, die von den internationalen Flugh\u00e4fen von Mailand <b>Malpensa<\/b> und <b>Linate<\/b> und dem von Bergamo <b>Orio al Serio<\/b> kommen, haben das ihre Station am Hauptbahnhof von Mailand, 300 Meter vom Hotel entfernt. Von hier kommt man zu Fu\u00df bequem in 7 &#8211; 8 Minuten zum Hotel. \u00dcberqueren Sie die Piazza Duca d&#8217;Aosta vor dem Bahnhof und biegen Sie in die Via Napo Torriani ein, und schon sind Sie angelangt.<\/p>\n[\/vc_column_text][\/vc_column][vc_column width=&#8220;1\/4&#8243;][vc_column_text]\n<h3>PER BAHN<\/h3>\n<p class=\"testoda1bis\">Das Hotel liegt 150 Meter vom Hauptbahnhof entfernt. Von hier kommt man zu Fu\u00df bequem in 7 &#8211; 8 Minuten zum Hotel: \u00dcberqueren Sie die Piazza Duca d&#8217;Aosta vor dem Bahnhof und biegen Sie in die Via Napo Torriani ein, und schon sind Sie angelangt.<\/p>\n[\/vc_column_text][\/vc_column][vc_column width=&#8220;1\/4&#8243;][vc_column_text]\n<h3>MIT DEM AUTO<\/h3>\n<p class=\"testoda1bis\">Von Venedig aus nehmen Sie auf der A4 die Ausfahrt auf die Umfahrungsstra\u00dfe Ost und fahren dann in &#8222;Lambrate&#8220; (Ausfahrt 8) ab. Fahren Sie die Via Rombon und die Via Porpora immer geradeaus weiter bis zum Piazzale Loreto. Umkreisen Sie die Piazzale und biegen Sie in den Corso Buenos Aires ein, fahren Sie bis zur Piazza Lima. Hier nehmen Sie rechts die Via Vitruvio und biegen nach 600 Metern rechts in die Via Lepetit ein. Am Kreisverkehr nehmen Sie die erste Stra\u00dfe rechts, die Via Torriani, und kommen dann nach 100 Metern beim Hotel an.<\/p>\n<p class=\"testoda1bis\">Von Turin aus nehmen Sie von der A4 bzw. der A8 aus die Ausfahrt Viale Certosa, fahren weiter bis zur Piazza Firenze und biegen dort nach rechts in Richtung zum Hauptbahnhof (Stazione Centrale) ab.<\/p>\n[\/vc_column_text][\/vc_column][vc_column width=&#8220;1\/4&#8243;][vc_column_text]\n<h3>QR Code<\/h3>\n<p class=\"testoda1bis\">Nehmen Sie diesen Code mit Ihrem Smartphone zu Hotel Mennini Adresse und GPS-Koordinaten speichern.<\/p>\n<p><img decoding=\"async\" src=\"https:\/\/www.hotelmennini.com\/wp-content\/uploads\/2014\/01\/QRickit.png\" alt=\"\" \/>[\/vc_column_text][\/vc_column][\/vc_row][vc_row][vc_column][vc_media_grid element_width=&#8220;3&#8243; gap=&#8220;0&#8243; item=&#8220;mediaGrid_FadeInWithIcon&#8220; grid_id=&#8220;vc_gid:1531319012017-e52092ca-5c6a-7&#8243; include=&#8220;937,938,939,940&#8243;][\/vc_column][\/vc_row][vc_row el_class=&#8220;section_locationtabs&#8220;][vc_column][vc_row_inner el_class=&#8220;wrap&#8220; css=&#8220;.vc_custom_1452605193830{background-color: #ffffff !important;}&#8220;][vc_column_inner width=&#8220;1\/2&#8243;][vc_column_text]\n<h3>Mail\u00e4nder Messe<\/h3>\n<p class=\"booksottotesto\"><b>Fieramilanocity<\/b>, die Messe im Zentrum am Largo Domodossola (Haltestelle M1 Amendola &#8211; Fiera) fungiert noch immer als Ort f\u00fcr bedeutende Ausstellungs- und Verkaufszentrum, die weltweit bekannt sind, wie etwa die Modemessen (Milanovendemoda, Modaprima, Sposa Italia usw.) und die Tourismusmessen (BIT &#8211; Internationale Tourismusb\u00f6rse), und dient mit dem FMC Center als Kongresszentrum, das mit der PalaConvention das Kongressangebots der Innenstadt von Mailand erg\u00e4nzt. Es wird zu einem der bedeutendsten Veranstaltungsorte in Europa und auf der Welt.<\/p>\n<p class=\"booksottotesto\"><b>Fieramilano<\/b> &#8211; Der neue Standort Rho an der Endstation der Linie M1 (Rho &#8211; Fiera) liegt 15 Minuten von der Messe in der Innenstadt entfernt und ist der zukunftweisende Veranstaltungsort, der 2005 er\u00f6ffnet wurde, ein echtes Ausstellungsviertel, das einen neuen Meilenstein der Mail\u00e4nder Messe darstellt. Es ist absolute Avantgarde und ein Beispiel auf internationaler Ebene f\u00fcr die Qualit\u00e4ts-, funktionellen und \u00e4sthetischen Standards der Branche.<\/p>\n[\/vc_column_text][\/vc_column_inner][vc_column_inner width=&#8220;1\/2&#8243;][vc_column_text]\n<h3>Shopping in Mailand<\/h3>\n<p class=\"booksottotesto\">In Mailand, der Welthauptstadt der Mode und des Designs, gibt es mehr als <b>600 Showrooms<\/b> und Tausende Schaufenster, welche die Trends des Looks f\u00fcr jede Jahreszeit diktieren. Der 500 Meter vom Hotel Mennini gelegene <b>Corso Buenos Aires<\/b> ist die wichtigste Einkaufsstra\u00dfe von Mailand, auf der sich die Gesch\u00e4fte dr\u00e4ngen, w\u00e4hrend die Umgebung des Domplatzes (Haltestelle Duomo der gelben Linie M3) das Mittelpunkt f\u00fcr das Shopping ist, angefangen von den Mode- und Trendgesch\u00e4ften des <b>Corso Vittorio Emanuele<\/b> bis zu den Franchise-Gesch\u00e4ften des Corso Torino und den exklusiven Modemarken des <b>Quadrilatero della Moda<\/b> (Modeviertel) zwischen der Via Montenapoleone (Haltestelle Montenapoleone der gelben Linie M3), der Via della Spiga, der Via Manzoni und der Via Sant&#8217;Andrea.<\/p>\n<p class=\"booksottotesto\">Insbesondere in Montenapoleone findet man Valentino und <b>Versace<\/b>, <b>Prada<\/b> und <b>Gucci<\/b>, in der Via della Spiga <b>Dolce &amp; Gabbana<\/b>, Krizia und Roberto <b>Cavalli<\/b>, in der Via Manzoni gibt es <b>Armani<\/b>, Les Copains und La Perla und in der <b>Via Sant&#8217;Andrea<\/b> Gianfranco <b>Ferr\u00e8<\/b> das Haus Chanel, Hermes und Kenzo.<\/p>\n[\/vc_column_text][\/vc_column_inner][\/vc_row_inner][\/vc_column][\/vc_row][vc_row][vc_column][vc_empty_space][\/vc_column][\/vc_row][vc_row][vc_column][vc_media_grid element_width=&#8220;3&#8243; gap=&#8220;0&#8243; item=&#8220;mediaGrid_FadeInWithIcon&#8220; grid_id=&#8220;vc_gid:1531319012031-44e0f2ed-1b20-6&#8243; include=&#8220;946,947,944,945&#8243; css=&#8220;.vc_custom_1452781033030{margin-top: 0px !important;margin-right: 0px !important;margin-bottom: 0px !important;margin-left: 0px !important;padding-top: 0px !important;padding-right: 0px !important;padding-bottom: 0px !important;padding-left: 0px !important;}&#8220;][\/vc_column][\/vc_row]\n<\/div>","protected":false},"excerpt":{"rendered":"<p>[vc_row el_class=&#8220;box-interno&#8220;][vc_column][vc_column_text el_class=&#8220;wrap&#8220;] Lage Das Hotel Mennini, das sich unter den 3 Sterne-Hotels von Mailand einer sehr guten Lage erfreut, befindet sich 150 Meter vom Hauptbahnhof und von den Flughafenbusstationen zu den Flugh\u00e4fen Malpensa, Linate und Bergamo Orio al Serio, sowie 100 Meter von den U-Bahnstationen der gelben Linie M3 zum Dom und der gr\u00fcnen [&hellip;]<\/p>\n","protected":false},"author":30,"featured_media":0,"parent":0,"menu_order":0,"comment_status":"open","ping_status":"open","template":"","meta":{"_genesis_hide_title":false,"_genesis_hide_breadcrumbs":false,"_genesis_hide_singular_image":false,"_genesis_hide_footer_widgets":false,"_genesis_custom_body_class":"","_genesis_custom_post_class":"","_genesis_layout":"","footnotes":""},"class_list":{"0":"post-1371","1":"page","2":"type-page","3":"status-publish","5":"entry"},"yoast_head":"<!-- This site is optimized with the Yoast SEO plugin v25.6 - https:\/\/yoast.com\/wordpress\/plugins\/seo\/ -->\n<title>Lage - Hotel Mennini<\/title>\n<meta name=\"description\" content=\"Das Hotel Mennini, befindet sich 150 Meter vom Hauptbahnhof und von den Flughafenbusstationen zu den Flugh\u00e4fen Malpensa, Linate und Orio al Serio, sowie 100 Meter von den U-Bahnstationen.\" \/>\n<meta name=\"robots\" content=\"index, follow, max-snippet:-1, max-image-preview:large, max-video-preview:-1\" \/>\n<link rel=\"canonical\" href=\"https:\/\/www.hotelmennini.com\/de\/lage\/\" \/>\n<meta property=\"og:locale\" content=\"de_DE\" \/>\n<meta property=\"og:type\" content=\"article\" \/>\n<meta property=\"og:title\" content=\"Lage - Hotel Mennini\" \/>\n<meta property=\"og:description\" content=\"Das Hotel Mennini, befindet sich 150 Meter vom Hauptbahnhof und von den Flughafenbusstationen zu den Flugh\u00e4fen Malpensa, Linate und Orio al Serio, sowie 100 Meter von den U-Bahnstationen.\" \/>\n<meta property=\"og:url\" content=\"https:\/\/www.hotelmennini.com\/de\/lage\/\" \/>\n<meta property=\"og:site_name\" content=\"Hotel Mennini\" \/>\n<meta property=\"article:modified_time\" content=\"2018-07-11T14:23:57+00:00\" \/>\n<meta property=\"og:image\" content=\"https:\/\/www.hotelmennini.com\/wp-content\/uploads\/2014\/01\/QRickit.png\" \/>\n<meta name=\"twitter:label1\" content=\"Gesch\u00e4tzte Lesezeit\" \/>\n\t<meta name=\"twitter:data1\" content=\"5\u00a0Minuten\" \/>\n<script type=\"application\/ld+json\" class=\"yoast-schema-graph\">{\"@context\":\"https:\/\/schema.org\",\"@graph\":[{\"@type\":\"WebPage\",\"@id\":\"https:\/\/www.hotelmennini.com\/de\/lage\/\",\"url\":\"https:\/\/www.hotelmennini.com\/de\/lage\/\",\"name\":\"Lage - Hotel Mennini\",\"isPartOf\":{\"@id\":\"https:\/\/www.hotelmennini.com\/de\/#website\"},\"primaryImageOfPage\":{\"@id\":\"https:\/\/www.hotelmennini.com\/de\/lage\/#primaryimage\"},\"image\":{\"@id\":\"https:\/\/www.hotelmennini.com\/de\/lage\/#primaryimage\"},\"thumbnailUrl\":\"https:\/\/www.hotelmennini.com\/wp-content\/uploads\/2014\/01\/QRickit.png\",\"datePublished\":\"2014-01-07T14:54:56+00:00\",\"dateModified\":\"2018-07-11T14:23:57+00:00\",\"description\":\"Das Hotel Mennini, befindet sich 150 Meter vom Hauptbahnhof und von den Flughafenbusstationen zu den Flugh\u00e4fen Malpensa, Linate und Orio al Serio, sowie 100 Meter von den U-Bahnstationen.\",\"breadcrumb\":{\"@id\":\"https:\/\/www.hotelmennini.com\/de\/lage\/#breadcrumb\"},\"inLanguage\":\"de\",\"potentialAction\":[{\"@type\":\"ReadAction\",\"target\":[\"https:\/\/www.hotelmennini.com\/de\/lage\/\"]}]},{\"@type\":\"ImageObject\",\"inLanguage\":\"de\",\"@id\":\"https:\/\/www.hotelmennini.com\/de\/lage\/#primaryimage\",\"url\":\"https:\/\/www.hotelmennini.com\/wp-content\/uploads\/2014\/01\/QRickit.png\",\"contentUrl\":\"https:\/\/www.hotelmennini.com\/wp-content\/uploads\/2014\/01\/QRickit.png\"},{\"@type\":\"BreadcrumbList\",\"@id\":\"https:\/\/www.hotelmennini.com\/de\/lage\/#breadcrumb\",\"itemListElement\":[{\"@type\":\"ListItem\",\"position\":1,\"name\":\"Home\",\"item\":\"https:\/\/www.hotelmennini.com\/de\/\"},{\"@type\":\"ListItem\",\"position\":2,\"name\":\"Lage\"}]},{\"@type\":\"WebSite\",\"@id\":\"https:\/\/www.hotelmennini.com\/de\/#website\",\"url\":\"https:\/\/www.hotelmennini.com\/de\/\",\"name\":\"Hotel Mennini\",\"description\":\"\",\"potentialAction\":[{\"@type\":\"SearchAction\",\"target\":{\"@type\":\"EntryPoint\",\"urlTemplate\":\"https:\/\/www.hotelmennini.com\/de\/?s={search_term_string}\"},\"query-input\":{\"@type\":\"PropertyValueSpecification\",\"valueRequired\":true,\"valueName\":\"search_term_string\"}}],\"inLanguage\":\"de\"}]}<\/script>\n<!-- \/ Yoast SEO plugin. -->","yoast_head_json":{"title":"Lage - Hotel Mennini","description":"Das Hotel Mennini, befindet sich 150 Meter vom Hauptbahnhof und von den Flughafenbusstationen zu den Flugh\u00e4fen Malpensa, Linate und Orio al Serio, sowie 100 Meter von den U-Bahnstationen.","robots":{"index":"index","follow":"follow","max-snippet":"max-snippet:-1","max-image-preview":"max-image-preview:large","max-video-preview":"max-video-preview:-1"},"canonical":"https:\/\/www.hotelmennini.com\/de\/lage\/","og_locale":"de_DE","og_type":"article","og_title":"Lage - Hotel Mennini","og_description":"Das Hotel Mennini, befindet sich 150 Meter vom Hauptbahnhof und von den Flughafenbusstationen zu den Flugh\u00e4fen Malpensa, Linate und Orio al Serio, sowie 100 Meter von den U-Bahnstationen.","og_url":"https:\/\/www.hotelmennini.com\/de\/lage\/","og_site_name":"Hotel Mennini","article_modified_time":"2018-07-11T14:23:57+00:00","og_image":[{"url":"https:\/\/www.hotelmennini.com\/wp-content\/uploads\/2014\/01\/QRickit.png","type":"","width":"","height":""}],"twitter_misc":{"Gesch\u00e4tzte Lesezeit":"5\u00a0Minuten"},"schema":{"@context":"https:\/\/schema.org","@graph":[{"@type":"WebPage","@id":"https:\/\/www.hotelmennini.com\/de\/lage\/","url":"https:\/\/www.hotelmennini.com\/de\/lage\/","name":"Lage - Hotel Mennini","isPartOf":{"@id":"https:\/\/www.hotelmennini.com\/de\/#website"},"primaryImageOfPage":{"@id":"https:\/\/www.hotelmennini.com\/de\/lage\/#primaryimage"},"image":{"@id":"https:\/\/www.hotelmennini.com\/de\/lage\/#primaryimage"},"thumbnailUrl":"https:\/\/www.hotelmennini.com\/wp-content\/uploads\/2014\/01\/QRickit.png","datePublished":"2014-01-07T14:54:56+00:00","dateModified":"2018-07-11T14:23:57+00:00","description":"Das Hotel Mennini, befindet sich 150 Meter vom Hauptbahnhof und von den Flughafenbusstationen zu den Flugh\u00e4fen Malpensa, Linate und Orio al Serio, sowie 100 Meter von den U-Bahnstationen.","breadcrumb":{"@id":"https:\/\/www.hotelmennini.com\/de\/lage\/#breadcrumb"},"inLanguage":"de","potentialAction":[{"@type":"ReadAction","target":["https:\/\/www.hotelmennini.com\/de\/lage\/"]}]},{"@type":"ImageObject","inLanguage":"de","@id":"https:\/\/www.hotelmennini.com\/de\/lage\/#primaryimage","url":"https:\/\/www.hotelmennini.com\/wp-content\/uploads\/2014\/01\/QRickit.png","contentUrl":"https:\/\/www.hotelmennini.com\/wp-content\/uploads\/2014\/01\/QRickit.png"},{"@type":"BreadcrumbList","@id":"https:\/\/www.hotelmennini.com\/de\/lage\/#breadcrumb","itemListElement":[{"@type":"ListItem","position":1,"name":"Home","item":"https:\/\/www.hotelmennini.com\/de\/"},{"@type":"ListItem","position":2,"name":"Lage"}]},{"@type":"WebSite","@id":"https:\/\/www.hotelmennini.com\/de\/#website","url":"https:\/\/www.hotelmennini.com\/de\/","name":"Hotel Mennini","description":"","potentialAction":[{"@type":"SearchAction","target":{"@type":"EntryPoint","urlTemplate":"https:\/\/www.hotelmennini.com\/de\/?s={search_term_string}"},"query-input":{"@type":"PropertyValueSpecification","valueRequired":true,"valueName":"search_term_string"}}],"inLanguage":"de"}]}},"publishpress_future_action":{"enabled":false,"date":"2026-04-22 09:09:59","action":"change-status","newStatus":"draft","terms":[],"taxonomy":"translation_priority","extraData":[]},"publishpress_future_workflow_manual_trigger":{"enabledWorkflows":[]},"_links":{"self":[{"href":"https:\/\/www.hotelmennini.com\/de\/wp-json\/wp\/v2\/pages\/1371","targetHints":{"allow":["GET"]}}],"collection":[{"href":"https:\/\/www.hotelmennini.com\/de\/wp-json\/wp\/v2\/pages"}],"about":[{"href":"https:\/\/www.hotelmennini.com\/de\/wp-json\/wp\/v2\/types\/page"}],"author":[{"embeddable":true,"href":"https:\/\/www.hotelmennini.com\/de\/wp-json\/wp\/v2\/users\/30"}],"replies":[{"embeddable":true,"href":"https:\/\/www.hotelmennini.com\/de\/wp-json\/wp\/v2\/comments?post=1371"}],"version-history":[{"count":5,"href":"https:\/\/www.hotelmennini.com\/de\/wp-json\/wp\/v2\/pages\/1371\/revisions"}],"predecessor-version":[{"id":1634,"href":"https:\/\/www.hotelmennini.com\/de\/wp-json\/wp\/v2\/pages\/1371\/revisions\/1634"}],"wp:attachment":[{"href":"https:\/\/www.hotelmennini.com\/de\/wp-json\/wp\/v2\/media?parent=1371"}],"curies":[{"name":"wp","href":"https:\/\/api.w.org\/{rel}","templated":true}]}}