{"id":191,"date":"2013-09-04T09:24:07","date_gmt":"2013-09-04T09:24:07","guid":{"rendered":"https:\/\/www.hotelmennini.com\/?page_id=191"},"modified":"2017-09-27T09:41:10","modified_gmt":"2017-09-27T09:41:10","slug":"reservierungen","status":"publish","type":"page","link":"https:\/\/www.hotelmennini.com\/de\/reservierungen\/","title":{"rendered":"Reservierungen"},"content":{"rendered":"<div class=\"wpb-content-wrapper\">[vc_row el_class=&#8220;wrap&#8220;][vc_column][vc_column_text el_class=&#8220;box-interno&#8220;]\n<h1>Reservierungen<\/h1>\n<div class=\"one-half first\">\n<h2><a href=\"https:\/\/book2.nozio.com\/accommodation\/list?channelId=24b95680-280d-46b7-9fc8-b67011ac4308&#038;culture=de\">Online-<br \/>\nBuchungen<\/a><\/h2>\n<p>M\u00f6chten Sie <strong>sofort buchen<\/strong>? \u00dcberpr\u00fcfen Sie <strong>online<\/strong> die Verf\u00fcgbarkeit und die Preise unserer Zimmer und benutzen Sie unser <strong>einfaches und sicheres<\/strong> Online-Buchungssystem, um Ihren Aufenthalt zu reservieren.<br \/>\nSollte das System Ihren Anforderungen nicht entsprechen, so kontaktieren Sie uns in jedem Fall mittels des Formulars f\u00fcr die Anfrage nach Verf\u00fcgbarkeit.<\/p>\n<\/div>\n<div class=\"one-half\">\n<h2><a href=\"https:\/\/www.hotelmennini.com\/de\/request-de\/\">Anfrage nach Verf\u00fcgbarkeit<\/a><\/h2>\n<p>Sind Sie interessiert an einem <strong>Ihren Anforderungen angepassten Angebot?<\/strong> F\u00fcllen Sie das Formular f\u00fcr die Anfrage nach Verf\u00fcgbarkeit aus, indem Sie Ihre Anforderungen detailliert angeben.<\/p>\n<p>Wir senden die f\u00fcr Sie geeignetste L\u00f6sung, inklusiv <strong>Preise<\/strong> und <strong>Verf\u00fcgbarkeit <\/strong>der Zimmer, direkt an Ihre E-Mail-Adresse.<\/p>\n<\/div>\n<p class=\"spazio\">\n<h3>Sichere Transaktionen<\/h3>\n<p>Diese Internetseite verwendet f\u00fcr die Reservierungsbest\u00e4tigung mit Kreditkarte einen <b>sicheren Server<\/b> gem\u00e4\u00df dem weltweiten Verschl\u00fcsselungsstandard <b>Secure Socket Layer<\/b> <b>(SSL) mit 256 Bit<\/b>.[\/vc_column_text][\/vc_column][\/vc_row]\n<\/div>","protected":false},"excerpt":{"rendered":"<p>[vc_row el_class=&#8220;wrap&#8220;][vc_column][vc_column_text el_class=&#8220;box-interno&#8220;] Reservierungen Online- Buchungen M\u00f6chten Sie sofort buchen? \u00dcberpr\u00fcfen Sie online die Verf\u00fcgbarkeit und die Preise unserer Zimmer und benutzen Sie unser einfaches und sicheres Online-Buchungssystem, um Ihren Aufenthalt zu reservieren. Sollte das System Ihren Anforderungen nicht entsprechen, so kontaktieren Sie uns in jedem Fall mittels des Formulars f\u00fcr die Anfrage nach Verf\u00fcgbarkeit. [&hellip;]<\/p>\n","protected":false},"author":30,"featured_media":0,"parent":0,"menu_order":0,"comment_status":"open","ping_status":"open","template":"","meta":{"_genesis_hide_title":false,"_genesis_hide_breadcrumbs":false,"_genesis_hide_singular_image":false,"_genesis_hide_footer_widgets":false,"_genesis_custom_body_class":"","_genesis_custom_post_class":"","_genesis_layout":"","footnotes":""},"class_list":{"0":"post-191","1":"page","2":"type-page","3":"status-publish","5":"entry"},"yoast_head":"<!-- This site is optimized with the Yoast SEO plugin v25.6 - https:\/\/yoast.com\/wordpress\/plugins\/seo\/ -->\n<title>Reservierungen - Hotel Mennini<\/title>\n<meta name=\"description\" content=\"Reservierungen, Hotel Mennini:\" \/>\n<meta name=\"robots\" content=\"noindex, nofollow\" \/>\n<meta property=\"og:locale\" content=\"de_DE\" \/>\n<meta property=\"og:type\" content=\"article\" \/>\n<meta property=\"og:title\" content=\"Reservierungen - Hotel Mennini\" \/>\n<meta property=\"og:description\" content=\"Reservierungen, Hotel Mennini:\" \/>\n<meta property=\"og:url\" content=\"https:\/\/www.hotelmennini.com\/de\/reservierungen\/\" \/>\n<meta property=\"og:site_name\" content=\"Hotel Mennini\" \/>\n<meta property=\"article:modified_time\" content=\"2017-09-27T09:41:10+00:00\" \/>\n<meta name=\"twitter:label1\" content=\"Gesch\u00e4tzte Lesezeit\" \/>\n\t<meta name=\"twitter:data1\" content=\"1\u00a0Minute\" \/>\n<script type=\"application\/ld+json\" class=\"yoast-schema-graph\">{\"@context\":\"https:\/\/schema.org\",\"@graph\":[{\"@type\":\"WebPage\",\"@id\":\"https:\/\/www.hotelmennini.com\/de\/reservierungen\/\",\"url\":\"https:\/\/www.hotelmennini.com\/de\/reservierungen\/\",\"name\":\"Reservierungen - Hotel Mennini\",\"isPartOf\":{\"@id\":\"https:\/\/www.hotelmennini.com\/de\/#website\"},\"datePublished\":\"2013-09-04T09:24:07+00:00\",\"dateModified\":\"2017-09-27T09:41:10+00:00\",\"description\":\"Reservierungen, Hotel Mennini:\",\"breadcrumb\":{\"@id\":\"https:\/\/www.hotelmennini.com\/de\/reservierungen\/#breadcrumb\"},\"inLanguage\":\"de\",\"potentialAction\":[{\"@type\":\"ReadAction\",\"target\":[\"https:\/\/www.hotelmennini.com\/de\/reservierungen\/\"]}]},{\"@type\":\"BreadcrumbList\",\"@id\":\"https:\/\/www.hotelmennini.com\/de\/reservierungen\/#breadcrumb\",\"itemListElement\":[{\"@type\":\"ListItem\",\"position\":1,\"name\":\"Home\",\"item\":\"https:\/\/www.hotelmennini.com\/de\/\"},{\"@type\":\"ListItem\",\"position\":2,\"name\":\"Reservierungen\"}]},{\"@type\":\"WebSite\",\"@id\":\"https:\/\/www.hotelmennini.com\/de\/#website\",\"url\":\"https:\/\/www.hotelmennini.com\/de\/\",\"name\":\"Hotel Mennini\",\"description\":\"\",\"potentialAction\":[{\"@type\":\"SearchAction\",\"target\":{\"@type\":\"EntryPoint\",\"urlTemplate\":\"https:\/\/www.hotelmennini.com\/de\/?s={search_term_string}\"},\"query-input\":{\"@type\":\"PropertyValueSpecification\",\"valueRequired\":true,\"valueName\":\"search_term_string\"}}],\"inLanguage\":\"de\"}]}<\/script>\n<!-- \/ Yoast SEO plugin. -->","yoast_head_json":{"title":"Reservierungen - Hotel Mennini","description":"Reservierungen, Hotel Mennini:","robots":{"index":"noindex","follow":"nofollow"},"og_locale":"de_DE","og_type":"article","og_title":"Reservierungen - Hotel Mennini","og_description":"Reservierungen, Hotel Mennini:","og_url":"https:\/\/www.hotelmennini.com\/de\/reservierungen\/","og_site_name":"Hotel Mennini","article_modified_time":"2017-09-27T09:41:10+00:00","twitter_misc":{"Gesch\u00e4tzte Lesezeit":"1\u00a0Minute"},"schema":{"@context":"https:\/\/schema.org","@graph":[{"@type":"WebPage","@id":"https:\/\/www.hotelmennini.com\/de\/reservierungen\/","url":"https:\/\/www.hotelmennini.com\/de\/reservierungen\/","name":"Reservierungen - Hotel Mennini","isPartOf":{"@id":"https:\/\/www.hotelmennini.com\/de\/#website"},"datePublished":"2013-09-04T09:24:07+00:00","dateModified":"2017-09-27T09:41:10+00:00","description":"Reservierungen, Hotel Mennini:","breadcrumb":{"@id":"https:\/\/www.hotelmennini.com\/de\/reservierungen\/#breadcrumb"},"inLanguage":"de","potentialAction":[{"@type":"ReadAction","target":["https:\/\/www.hotelmennini.com\/de\/reservierungen\/"]}]},{"@type":"BreadcrumbList","@id":"https:\/\/www.hotelmennini.com\/de\/reservierungen\/#breadcrumb","itemListElement":[{"@type":"ListItem","position":1,"name":"Home","item":"https:\/\/www.hotelmennini.com\/de\/"},{"@type":"ListItem","position":2,"name":"Reservierungen"}]},{"@type":"WebSite","@id":"https:\/\/www.hotelmennini.com\/de\/#website","url":"https:\/\/www.hotelmennini.com\/de\/","name":"Hotel Mennini","description":"","potentialAction":[{"@type":"SearchAction","target":{"@type":"EntryPoint","urlTemplate":"https:\/\/www.hotelmennini.com\/de\/?s={search_term_string}"},"query-input":{"@type":"PropertyValueSpecification","valueRequired":true,"valueName":"search_term_string"}}],"inLanguage":"de"}]}},"publishpress_future_action":{"enabled":false,"date":"2026-05-10 17:29:10","action":"change-status","newStatus":"draft","terms":[],"taxonomy":"translation_priority","extraData":[]},"publishpress_future_workflow_manual_trigger":{"enabledWorkflows":[]},"_links":{"self":[{"href":"https:\/\/www.hotelmennini.com\/de\/wp-json\/wp\/v2\/pages\/191","targetHints":{"allow":["GET"]}}],"collection":[{"href":"https:\/\/www.hotelmennini.com\/de\/wp-json\/wp\/v2\/pages"}],"about":[{"href":"https:\/\/www.hotelmennini.com\/de\/wp-json\/wp\/v2\/types\/page"}],"author":[{"embeddable":true,"href":"https:\/\/www.hotelmennini.com\/de\/wp-json\/wp\/v2\/users\/30"}],"replies":[{"embeddable":true,"href":"https:\/\/www.hotelmennini.com\/de\/wp-json\/wp\/v2\/comments?post=191"}],"version-history":[{"count":7,"href":"https:\/\/www.hotelmennini.com\/de\/wp-json\/wp\/v2\/pages\/191\/revisions"}],"predecessor-version":[{"id":1609,"href":"https:\/\/www.hotelmennini.com\/de\/wp-json\/wp\/v2\/pages\/191\/revisions\/1609"}],"wp:attachment":[{"href":"https:\/\/www.hotelmennini.com\/de\/wp-json\/wp\/v2\/media?parent=191"}],"curies":[{"name":"wp","href":"https:\/\/api.w.org\/{rel}","templated":true}]}}