{"id":1327,"date":"2016-01-08T08:57:06","date_gmt":"2016-01-08T08:57:06","guid":{"rendered":"https:\/\/www.hotelmennini.com\/es\/camere\/"},"modified":"2017-09-27T09:55:15","modified_gmt":"2017-09-27T09:55:15","slug":"habitaciones","status":"publish","type":"page","link":"https:\/\/www.hotelmennini.com\/es\/habitaciones\/","title":{"rendered":"Habitaciones"},"content":{"rendered":"<div class=\"wpb-content-wrapper\">[vc_row el_class=\u00bbbox-interno\u00bb][vc_column][vc_column_text el_class=\u00bbwrap\u00bb]\n<h1>Habitaciones<\/h1>\n<p class=\"testopagine\">M\u00e1s que <b>confortables<\/b> tras su reciente restauraci\u00f3n, las 63 habitaciones y suites junior del <b>Hotel Mennini<\/b> se ajustan a los mejores est\u00e1ndares propuestos por los hoteles <b>de 3 estrellas<\/b> de <b>Mil\u00e1n<\/b>.<\/p>\n<p class=\"testopagine\">Amuebladas con gusto sobrio y funcional, todas cuentan con conexi\u00f3n a Internet, tv por sat\u00e9lite, tel\u00e9fono, minibar y aire acondicionado; los ba\u00f1os privados disponen de ba\u00f1era o ducha, <b>secador de pelo<\/b> y un pr\u00e1ctico beauty kit de cortes\u00eda. Algunas est\u00e1n destinadas a los no fumadores y cuentan con mobiliario y complementos <b>antial\u00e9rgicos<\/b>.<\/p>\n[\/vc_column_text][\/vc_column][\/vc_row][vc_row][vc_column][vc_empty_space][\/vc_column][\/vc_row][vc_row el_class=\u00bbwrap\u00bb][vc_column width=\u00bb1\/2&#8243;][vc_column_text el_class=\u00bbtxt-interno\u00bb]\n<p class=\"testopagine\">Elegir las nuevas habitaciones del Hotel Mennini significa valorar su equipamiento inspirado en la ciudad de Mil\u00e1n y la atm\u00f3sfera relajada y silenciosa de ambientes funcionales y <strong>completamente insonorizados<\/strong>, acabados con suelos de tek. Todas las habitaciones cuentan con todas las comodidades m\u00e1s modernas, TV lcd y conexi\u00f3n <strong>wi-fi<\/strong>; las camas son c\u00f3modas y con suaves edredones, el ba\u00f1o dispone de ba\u00f1era y ducha. \u00a1Si viajas con tu amigo de cuatro patas, solicita una habitaci\u00f3n con terraza y <strong>kit de cortes\u00eda para tu amigo Toby<\/strong>!<\/p>\n<h3>Comodidades<\/h3>\n<ul>\n<li>No fumadores<\/li>\n<li>Conexi\u00f3n a Internet<\/li>\n<li>Tv por sat\u00e9lite<\/li>\n<li>Tel\u00e9fono<\/li>\n<li>Minibar<\/li>\n<li>Aire acondicionado<\/li>\n<li>Servicio de habitaciones<\/li>\n<\/ul>\n[\/vc_column_text][\/vc_column][vc_column width=\u00bb1\/2&#8243;][vc_column_text]\n<div id=\"box-offerte\">\n<h3>Ofertas especiales<\/h3>\n<div class=\"flexslider\" style=\"width:100%;\"><ul class=\"slides\"><li><a href=\"https:\/\/www.hotelmennini.com\/es\/offers\/tarifas-especiales-para-internet\/\"><img loading=\"lazy\" decoding=\"async\" width=\"500\" height=\"240\" src=\"https:\/\/www.hotelmennini.com\/wp-content\/uploads\/2013\/09\/09-Camera-Doppia-1-500x240.jpg\" class=\"attachment-slider_medium_large size-slider_medium_large\" alt=\"\" srcset=\"https:\/\/www.hotelmennini.com\/wp-content\/uploads\/2013\/09\/09-Camera-Doppia-1-500x240.jpg 500w, https:\/\/www.hotelmennini.com\/wp-content\/uploads\/2013\/09\/09-Camera-Doppia-1-210x100.jpg 210w\" sizes=\"auto, (max-width: 500px) 100vw, 500px\" \/><\/a><div class=\"flex-caption\"><div class=\"original-price price-all\"><\/div><div class=\"reducted-price price-all\"><\/div><div class=\"clear\"><\/div><div class=\"clear\"><\/div><div class=\"offer_title\"><a href=\"https:\/\/www.hotelmennini.com\/es\/offers\/tarifas-especiales-para-internet\/\">Tarifas Especiales para Internet<\/a><\/div><\/div><\/li><\/ul><\/div>\n<h4><a href=\"https:\/\/www.hotelmennini.com\/es\/ofertas-especiales\/\">Ir a la lista completa<\/a><\/h4>\n<\/div>\n[\/vc_column_text][\/vc_column][\/vc_row][vc_row el_class=\u00bbwrap\u00bb][vc_column][vc_column_text]\n<h2>Nuestras habitaciones<\/h2>\n[\/vc_column_text][\/vc_column][\/vc_row][vc_row el_class=\u00bbsection_singola\u00bb][vc_column][vc_row_inner el_class=\u00bbwrap\u00bb][vc_column_inner][vc_images_carousel images=\u00bb896,897,898&#8243; img_size=\u00bbfull\u00bb onclick=\u00bblink_no\u00bb speed=\u00bb3000&#8243; autoplay=\u00bbyes\u00bb hide_prev_next_buttons=\u00bbyes\u00bb wrap=\u00bbyes\u00bb][vc_column_text]\n<dl class=\"tipologie\">\n<dt>\n<h2>Individual<\/h2>\n<\/dt>\n<dd>\n<h5><a href=\"https:\/\/book2.nozio.com\/accommodation\/list?channelId=24b95680-280d-46b7-9fc8-b67011ac4308&amp;culture=es\">Reserva<\/a><\/h5>\n<\/dd>\n<\/dl>\n[\/vc_column_text][\/vc_column_inner][\/vc_row_inner][\/vc_column][\/vc_row][vc_row][vc_column][vc_empty_space height=\u00bb50px\u00bb][\/vc_column][\/vc_row][vc_row el_class=\u00bbsection_doppia\u00bb][vc_column][vc_row_inner el_class=\u00bbwrap\u00bb][vc_column_inner][vc_images_carousel images=\u00bb914,912,913&#8243; img_size=\u00bbfull\u00bb onclick=\u00bblink_no\u00bb speed=\u00bb3000&#8243; autoplay=\u00bbyes\u00bb hide_prev_next_buttons=\u00bbyes\u00bb wrap=\u00bbyes\u00bb][vc_column_text]\n<dl class=\"tipologie\">\n<dt>\n<h2>Doble<\/h2>\n<\/dt>\n<dd>\n<h5><a href=\"https:\/\/book2.nozio.com\/accommodation\/list?channelId=24b95680-280d-46b7-9fc8-b67011ac4308&amp;culture=es\">Reserva<\/a><\/h5>\n<\/dd>\n<\/dl>\n[\/vc_column_text][\/vc_column_inner][\/vc_row_inner][\/vc_column][\/vc_row][vc_row][vc_column][vc_empty_space height=\u00bb50px\u00bb][\/vc_column][\/vc_row][vc_row el_class=\u00bbsection_tripla\u00bb][vc_column][vc_row_inner el_class=\u00bbwrap\u00bb][vc_column_inner][vc_images_carousel images=\u00bb917,915,916&#8243; img_size=\u00bbfull\u00bb onclick=\u00bblink_no\u00bb speed=\u00bb3000&#8243; autoplay=\u00bbyes\u00bb hide_prev_next_buttons=\u00bbyes\u00bb wrap=\u00bbyes\u00bb][vc_column_text]\n<dl class=\"tipologie\">\n<dt>\n<h2>Triple<\/h2>\n<\/dt>\n<dd>\n<h5><a href=\"https:\/\/book2.nozio.com\/accommodation\/list?channelId=24b95680-280d-46b7-9fc8-b67011ac4308&amp;culture=es\">Reserva<\/a><\/h5>\n<\/dd>\n<\/dl>\n[\/vc_column_text][\/vc_column_inner][\/vc_row_inner][\/vc_column][\/vc_row]\n<\/div>","protected":false},"excerpt":{"rendered":"<p>[vc_row el_class=\u00bbbox-interno\u00bb][vc_column][vc_column_text el_class=\u00bbwrap\u00bb] Habitaciones M\u00e1s que confortables tras su reciente restauraci\u00f3n, las 63 habitaciones y suites junior del Hotel Mennini se ajustan a los mejores est\u00e1ndares propuestos por los hoteles de 3 estrellas de Mil\u00e1n. Amuebladas con gusto sobrio y funcional, todas cuentan con conexi\u00f3n a Internet, tv por sat\u00e9lite, tel\u00e9fono, minibar y aire acondicionado; [&hellip;]<\/p>\n","protected":false},"author":30,"featured_media":0,"parent":0,"menu_order":0,"comment_status":"closed","ping_status":"closed","template":"","meta":{"_genesis_hide_title":false,"_genesis_hide_breadcrumbs":false,"_genesis_hide_singular_image":false,"_genesis_hide_footer_widgets":false,"_genesis_custom_body_class":"","_genesis_custom_post_class":"","_genesis_layout":"","footnotes":""},"class_list":{"0":"post-1327","1":"page","2":"type-page","3":"status-publish","5":"entry"},"yoast_head":"<!-- This site is optimized with the Yoast SEO plugin v25.6 - https:\/\/yoast.com\/wordpress\/plugins\/seo\/ -->\n<title>Habitaciones | Hotel Mennini Milano<\/title>\n<meta name=\"description\" content=\"Habitaciones, Hotel Mennini Mil\u00e1n: entre la estaci\u00f3n central y el coraz\u00f3n de Mil\u00e1n, a un paseo del metro para la Feria y el Duomo.\" \/>\n<meta name=\"robots\" content=\"index, follow, max-snippet:-1, max-image-preview:large, max-video-preview:-1\" \/>\n<link rel=\"canonical\" href=\"https:\/\/www.hotelmennini.com\/es\/habitaciones\/\" \/>\n<meta property=\"og:locale\" content=\"es_ES\" \/>\n<meta property=\"og:type\" content=\"article\" \/>\n<meta property=\"og:title\" content=\"Habitaciones | Hotel Mennini Milano\" \/>\n<meta property=\"og:description\" content=\"Habitaciones, Hotel Mennini Mil\u00e1n: entre la estaci\u00f3n central y el coraz\u00f3n de Mil\u00e1n, a un paseo del metro para la Feria y el Duomo.\" \/>\n<meta property=\"og:url\" content=\"https:\/\/www.hotelmennini.com\/es\/habitaciones\/\" \/>\n<meta property=\"og:site_name\" content=\"Hotel Mennini\" \/>\n<meta property=\"article:modified_time\" content=\"2017-09-27T09:55:15+00:00\" \/>\n<meta name=\"twitter:label1\" content=\"Tiempo de lectura\" \/>\n\t<meta name=\"twitter:data1\" content=\"3 minutos\" \/>\n<script type=\"application\/ld+json\" class=\"yoast-schema-graph\">{\"@context\":\"https:\/\/schema.org\",\"@graph\":[{\"@type\":\"WebPage\",\"@id\":\"https:\/\/www.hotelmennini.com\/es\/habitaciones\/\",\"url\":\"https:\/\/www.hotelmennini.com\/es\/habitaciones\/\",\"name\":\"Habitaciones | Hotel Mennini Milano\",\"isPartOf\":{\"@id\":\"https:\/\/www.hotelmennini.com\/es\/#website\"},\"datePublished\":\"2016-01-08T08:57:06+00:00\",\"dateModified\":\"2017-09-27T09:55:15+00:00\",\"description\":\"Habitaciones, Hotel Mennini Mil\u00e1n: entre la estaci\u00f3n central y el coraz\u00f3n de Mil\u00e1n, a un paseo del metro para la Feria y el Duomo.\",\"breadcrumb\":{\"@id\":\"https:\/\/www.hotelmennini.com\/es\/habitaciones\/#breadcrumb\"},\"inLanguage\":\"es\",\"potentialAction\":[{\"@type\":\"ReadAction\",\"target\":[\"https:\/\/www.hotelmennini.com\/es\/habitaciones\/\"]}]},{\"@type\":\"BreadcrumbList\",\"@id\":\"https:\/\/www.hotelmennini.com\/es\/habitaciones\/#breadcrumb\",\"itemListElement\":[{\"@type\":\"ListItem\",\"position\":1,\"name\":\"Home\",\"item\":\"https:\/\/www.hotelmennini.com\/es\/\"},{\"@type\":\"ListItem\",\"position\":2,\"name\":\"Habitaciones\"}]},{\"@type\":\"WebSite\",\"@id\":\"https:\/\/www.hotelmennini.com\/es\/#website\",\"url\":\"https:\/\/www.hotelmennini.com\/es\/\",\"name\":\"Hotel Mennini\",\"description\":\"\",\"potentialAction\":[{\"@type\":\"SearchAction\",\"target\":{\"@type\":\"EntryPoint\",\"urlTemplate\":\"https:\/\/www.hotelmennini.com\/es\/?s={search_term_string}\"},\"query-input\":{\"@type\":\"PropertyValueSpecification\",\"valueRequired\":true,\"valueName\":\"search_term_string\"}}],\"inLanguage\":\"es\"}]}<\/script>\n<!-- \/ Yoast SEO plugin. -->","yoast_head_json":{"title":"Habitaciones | Hotel Mennini Milano","description":"Habitaciones, Hotel Mennini Mil\u00e1n: entre la estaci\u00f3n central y el coraz\u00f3n de Mil\u00e1n, a un paseo del metro para la Feria y el Duomo.","robots":{"index":"index","follow":"follow","max-snippet":"max-snippet:-1","max-image-preview":"max-image-preview:large","max-video-preview":"max-video-preview:-1"},"canonical":"https:\/\/www.hotelmennini.com\/es\/habitaciones\/","og_locale":"es_ES","og_type":"article","og_title":"Habitaciones | Hotel Mennini Milano","og_description":"Habitaciones, Hotel Mennini Mil\u00e1n: entre la estaci\u00f3n central y el coraz\u00f3n de Mil\u00e1n, a un paseo del metro para la Feria y el Duomo.","og_url":"https:\/\/www.hotelmennini.com\/es\/habitaciones\/","og_site_name":"Hotel Mennini","article_modified_time":"2017-09-27T09:55:15+00:00","twitter_misc":{"Tiempo de lectura":"3 minutos"},"schema":{"@context":"https:\/\/schema.org","@graph":[{"@type":"WebPage","@id":"https:\/\/www.hotelmennini.com\/es\/habitaciones\/","url":"https:\/\/www.hotelmennini.com\/es\/habitaciones\/","name":"Habitaciones | Hotel Mennini Milano","isPartOf":{"@id":"https:\/\/www.hotelmennini.com\/es\/#website"},"datePublished":"2016-01-08T08:57:06+00:00","dateModified":"2017-09-27T09:55:15+00:00","description":"Habitaciones, Hotel Mennini Mil\u00e1n: entre la estaci\u00f3n central y el coraz\u00f3n de Mil\u00e1n, a un paseo del metro para la Feria y el Duomo.","breadcrumb":{"@id":"https:\/\/www.hotelmennini.com\/es\/habitaciones\/#breadcrumb"},"inLanguage":"es","potentialAction":[{"@type":"ReadAction","target":["https:\/\/www.hotelmennini.com\/es\/habitaciones\/"]}]},{"@type":"BreadcrumbList","@id":"https:\/\/www.hotelmennini.com\/es\/habitaciones\/#breadcrumb","itemListElement":[{"@type":"ListItem","position":1,"name":"Home","item":"https:\/\/www.hotelmennini.com\/es\/"},{"@type":"ListItem","position":2,"name":"Habitaciones"}]},{"@type":"WebSite","@id":"https:\/\/www.hotelmennini.com\/es\/#website","url":"https:\/\/www.hotelmennini.com\/es\/","name":"Hotel Mennini","description":"","potentialAction":[{"@type":"SearchAction","target":{"@type":"EntryPoint","urlTemplate":"https:\/\/www.hotelmennini.com\/es\/?s={search_term_string}"},"query-input":{"@type":"PropertyValueSpecification","valueRequired":true,"valueName":"search_term_string"}}],"inLanguage":"es"}]}},"publishpress_future_action":{"enabled":false,"date":"2026-05-10 17:31:05","action":"change-status","newStatus":"draft","terms":[],"taxonomy":"translation_priority","extraData":[]},"publishpress_future_workflow_manual_trigger":{"enabledWorkflows":[]},"_links":{"self":[{"href":"https:\/\/www.hotelmennini.com\/es\/wp-json\/wp\/v2\/pages\/1327","targetHints":{"allow":["GET"]}}],"collection":[{"href":"https:\/\/www.hotelmennini.com\/es\/wp-json\/wp\/v2\/pages"}],"about":[{"href":"https:\/\/www.hotelmennini.com\/es\/wp-json\/wp\/v2\/types\/page"}],"author":[{"embeddable":true,"href":"https:\/\/www.hotelmennini.com\/es\/wp-json\/wp\/v2\/users\/30"}],"replies":[{"embeddable":true,"href":"https:\/\/www.hotelmennini.com\/es\/wp-json\/wp\/v2\/comments?post=1327"}],"version-history":[{"count":3,"href":"https:\/\/www.hotelmennini.com\/es\/wp-json\/wp\/v2\/pages\/1327\/revisions"}],"predecessor-version":[{"id":1626,"href":"https:\/\/www.hotelmennini.com\/es\/wp-json\/wp\/v2\/pages\/1327\/revisions\/1626"}],"wp:attachment":[{"href":"https:\/\/www.hotelmennini.com\/es\/wp-json\/wp\/v2\/media?parent=1327"}],"curies":[{"name":"wp","href":"https:\/\/api.w.org\/{rel}","templated":true}]}}