{"id":1359,"date":"2016-01-26T14:10:47","date_gmt":"2016-01-26T14:10:47","guid":{"rendered":"https:\/\/www.hotelmennini.com\/es\/?page_id=1359"},"modified":"2016-01-28T10:47:28","modified_gmt":"2016-01-28T10:47:28","slug":"reuniones","status":"publish","type":"page","link":"https:\/\/www.hotelmennini.com\/es\/reuniones\/","title":{"rendered":"Reuniones"},"content":{"rendered":"<div class=\"wpb-content-wrapper\">[vc_row el_class=\u00bbbox-interno\u00bb][vc_column][vc_column_text el_class=\u00bbwrap\u00bb]\n<h1>Reuniones<\/h1>\n<p class=\"testopagine\">En el primer piso del hotel, la <b>luminosa<\/b> sala de reuniones puede acoger hasta 40 personas para reuniones, convenciones, presentaciones de cat\u00e1logos, etc.<\/p>\n<p><b>Equipada<\/b> con videoproyector, televisor con grabadora de v\u00eddeo, pizarra y proyector de im\u00e1genes, y dotada de un eficiente sistema de climatizaci\u00f3n, es la soluci\u00f3n ideal para celebrar encuentros de trabajo c\u00f3modamente en un hotel.[\/vc_column_text][\/vc_column][\/vc_row][vc_row][vc_column][vc_empty_space][\/vc_column][\/vc_row][vc_row el_class=\u00bbwrap\u00bb][vc_column width=\u00bb1\/4&#8243;][vc_column_text]\n<h2>SALAS DE REUNI\u00d3N<\/h2>\n<ul>\n<li>Max 40 personas<\/li>\n<li>Videoproyector (con el pago)<\/li>\n<li>Tv y grabadora de v\u00eddeo<\/li>\n<li>Pizarra<\/li>\n<li>Proyectores de im\u00e1genes<\/li>\n<li>Servicio de interpretaci\u00f3n<\/li>\n<\/ul>\n[\/vc_column_text][\/vc_column][vc_column width=\u00bb1\/4&#8243;][vc_column_text]\n<h2>Sala de estar<\/h2>\n<ul>\n<li>Asientos estadio: 40<\/li>\n<li>Asientos herradura: 25<\/li>\n<\/ul>\n[\/vc_column_text][\/vc_column][vc_column width=\u00bb1\/2&#8243;][vc_media_grid element_width=\u00bb6&#8243; gap=\u00bb0&#8243; item=\u00bbmediaGrid_FadeInWithIcon\u00bb grid_id=\u00bbvc_gid:1453817289107-ac340a88-fdab-9&#8243; include=\u00bb1100,1101,1102,1103&#8243;][\/vc_column][\/vc_row]\n<\/div>","protected":false},"excerpt":{"rendered":"<p>[vc_row el_class=\u00bbbox-interno\u00bb][vc_column][vc_column_text el_class=\u00bbwrap\u00bb] Reuniones En el primer piso del hotel, la luminosa sala de reuniones puede acoger hasta 40 personas para reuniones, convenciones, presentaciones de cat\u00e1logos, etc. Equipada con videoproyector, televisor con grabadora de v\u00eddeo, pizarra y proyector de im\u00e1genes, y dotada de un eficiente sistema de climatizaci\u00f3n, es la soluci\u00f3n ideal para celebrar encuentros [&hellip;]<\/p>\n","protected":false},"author":30,"featured_media":0,"parent":0,"menu_order":0,"comment_status":"closed","ping_status":"closed","template":"","meta":{"_genesis_hide_title":false,"_genesis_hide_breadcrumbs":false,"_genesis_hide_singular_image":false,"_genesis_hide_footer_widgets":false,"_genesis_custom_body_class":"","_genesis_custom_post_class":"","_genesis_layout":"","footnotes":""},"class_list":{"0":"post-1359","1":"page","2":"type-page","3":"status-publish","5":"entry"},"yoast_head":"<!-- This site is optimized with the Yoast SEO plugin v25.6 - https:\/\/yoast.com\/wordpress\/plugins\/seo\/ -->\n<title>Reuniones - Hotel Mennini<\/title>\n<meta name=\"description\" content=\"Reuniones, Hotel Mennini Mil&aacute;n: entre la estaci&oacute;n central y el coraz&oacute;n de Mil&aacute;n, a un paseo del metro para la Feria y el Duomo.\" \/>\n<meta name=\"robots\" content=\"index, follow, max-snippet:-1, max-image-preview:large, max-video-preview:-1\" \/>\n<link rel=\"canonical\" href=\"https:\/\/www.hotelmennini.com\/es\/reuniones\/\" \/>\n<meta property=\"og:locale\" content=\"es_ES\" \/>\n<meta property=\"og:type\" content=\"article\" \/>\n<meta property=\"og:title\" content=\"Reuniones - Hotel Mennini\" \/>\n<meta property=\"og:description\" content=\"Reuniones, Hotel Mennini Mil&aacute;n: entre la estaci&oacute;n central y el coraz&oacute;n de Mil&aacute;n, a un paseo del metro para la Feria y el Duomo.\" \/>\n<meta property=\"og:url\" content=\"https:\/\/www.hotelmennini.com\/es\/reuniones\/\" \/>\n<meta property=\"og:site_name\" content=\"Hotel Mennini\" \/>\n<meta property=\"article:modified_time\" content=\"2016-01-28T10:47:28+00:00\" \/>\n<meta name=\"twitter:label1\" content=\"Tiempo de lectura\" \/>\n\t<meta name=\"twitter:data1\" content=\"1 minuto\" \/>\n<script type=\"application\/ld+json\" class=\"yoast-schema-graph\">{\"@context\":\"https:\/\/schema.org\",\"@graph\":[{\"@type\":\"WebPage\",\"@id\":\"https:\/\/www.hotelmennini.com\/es\/reuniones\/\",\"url\":\"https:\/\/www.hotelmennini.com\/es\/reuniones\/\",\"name\":\"Reuniones - Hotel Mennini\",\"isPartOf\":{\"@id\":\"https:\/\/www.hotelmennini.com\/es\/#website\"},\"datePublished\":\"2016-01-26T14:10:47+00:00\",\"dateModified\":\"2016-01-28T10:47:28+00:00\",\"description\":\"Reuniones, Hotel Mennini Mil&aacute;n: entre la estaci&oacute;n central y el coraz&oacute;n de Mil&aacute;n, a un paseo del metro para la Feria y el Duomo.\",\"breadcrumb\":{\"@id\":\"https:\/\/www.hotelmennini.com\/es\/reuniones\/#breadcrumb\"},\"inLanguage\":\"es\",\"potentialAction\":[{\"@type\":\"ReadAction\",\"target\":[\"https:\/\/www.hotelmennini.com\/es\/reuniones\/\"]}]},{\"@type\":\"BreadcrumbList\",\"@id\":\"https:\/\/www.hotelmennini.com\/es\/reuniones\/#breadcrumb\",\"itemListElement\":[{\"@type\":\"ListItem\",\"position\":1,\"name\":\"Home\",\"item\":\"https:\/\/www.hotelmennini.com\/es\/\"},{\"@type\":\"ListItem\",\"position\":2,\"name\":\"Reuniones\"}]},{\"@type\":\"WebSite\",\"@id\":\"https:\/\/www.hotelmennini.com\/es\/#website\",\"url\":\"https:\/\/www.hotelmennini.com\/es\/\",\"name\":\"Hotel Mennini\",\"description\":\"\",\"potentialAction\":[{\"@type\":\"SearchAction\",\"target\":{\"@type\":\"EntryPoint\",\"urlTemplate\":\"https:\/\/www.hotelmennini.com\/es\/?s={search_term_string}\"},\"query-input\":{\"@type\":\"PropertyValueSpecification\",\"valueRequired\":true,\"valueName\":\"search_term_string\"}}],\"inLanguage\":\"es\"}]}<\/script>\n<!-- \/ Yoast SEO plugin. -->","yoast_head_json":{"title":"Reuniones - Hotel Mennini","description":"Reuniones, Hotel Mennini Mil&aacute;n: entre la estaci&oacute;n central y el coraz&oacute;n de Mil&aacute;n, a un paseo del metro para la Feria y el Duomo.","robots":{"index":"index","follow":"follow","max-snippet":"max-snippet:-1","max-image-preview":"max-image-preview:large","max-video-preview":"max-video-preview:-1"},"canonical":"https:\/\/www.hotelmennini.com\/es\/reuniones\/","og_locale":"es_ES","og_type":"article","og_title":"Reuniones - Hotel Mennini","og_description":"Reuniones, Hotel Mennini Mil&aacute;n: entre la estaci&oacute;n central y el coraz&oacute;n de Mil&aacute;n, a un paseo del metro para la Feria y el Duomo.","og_url":"https:\/\/www.hotelmennini.com\/es\/reuniones\/","og_site_name":"Hotel Mennini","article_modified_time":"2016-01-28T10:47:28+00:00","twitter_misc":{"Tiempo de lectura":"1 minuto"},"schema":{"@context":"https:\/\/schema.org","@graph":[{"@type":"WebPage","@id":"https:\/\/www.hotelmennini.com\/es\/reuniones\/","url":"https:\/\/www.hotelmennini.com\/es\/reuniones\/","name":"Reuniones - Hotel Mennini","isPartOf":{"@id":"https:\/\/www.hotelmennini.com\/es\/#website"},"datePublished":"2016-01-26T14:10:47+00:00","dateModified":"2016-01-28T10:47:28+00:00","description":"Reuniones, Hotel Mennini Mil&aacute;n: entre la estaci&oacute;n central y el coraz&oacute;n de Mil&aacute;n, a un paseo del metro para la Feria y el Duomo.","breadcrumb":{"@id":"https:\/\/www.hotelmennini.com\/es\/reuniones\/#breadcrumb"},"inLanguage":"es","potentialAction":[{"@type":"ReadAction","target":["https:\/\/www.hotelmennini.com\/es\/reuniones\/"]}]},{"@type":"BreadcrumbList","@id":"https:\/\/www.hotelmennini.com\/es\/reuniones\/#breadcrumb","itemListElement":[{"@type":"ListItem","position":1,"name":"Home","item":"https:\/\/www.hotelmennini.com\/es\/"},{"@type":"ListItem","position":2,"name":"Reuniones"}]},{"@type":"WebSite","@id":"https:\/\/www.hotelmennini.com\/es\/#website","url":"https:\/\/www.hotelmennini.com\/es\/","name":"Hotel Mennini","description":"","potentialAction":[{"@type":"SearchAction","target":{"@type":"EntryPoint","urlTemplate":"https:\/\/www.hotelmennini.com\/es\/?s={search_term_string}"},"query-input":{"@type":"PropertyValueSpecification","valueRequired":true,"valueName":"search_term_string"}}],"inLanguage":"es"}]}},"publishpress_future_action":{"enabled":false,"date":"2026-05-10 17:36:42","action":"change-status","newStatus":"draft","terms":[],"taxonomy":"translation_priority","extraData":[]},"publishpress_future_workflow_manual_trigger":{"enabledWorkflows":[]},"_links":{"self":[{"href":"https:\/\/www.hotelmennini.com\/es\/wp-json\/wp\/v2\/pages\/1359","targetHints":{"allow":["GET"]}}],"collection":[{"href":"https:\/\/www.hotelmennini.com\/es\/wp-json\/wp\/v2\/pages"}],"about":[{"href":"https:\/\/www.hotelmennini.com\/es\/wp-json\/wp\/v2\/types\/page"}],"author":[{"embeddable":true,"href":"https:\/\/www.hotelmennini.com\/es\/wp-json\/wp\/v2\/users\/30"}],"replies":[{"embeddable":true,"href":"https:\/\/www.hotelmennini.com\/es\/wp-json\/wp\/v2\/comments?post=1359"}],"version-history":[{"count":1,"href":"https:\/\/www.hotelmennini.com\/es\/wp-json\/wp\/v2\/pages\/1359\/revisions"}],"predecessor-version":[{"id":1361,"href":"https:\/\/www.hotelmennini.com\/es\/wp-json\/wp\/v2\/pages\/1359\/revisions\/1361"}],"wp:attachment":[{"href":"https:\/\/www.hotelmennini.com\/es\/wp-json\/wp\/v2\/media?parent=1359"}],"curies":[{"name":"wp","href":"https:\/\/api.w.org\/{rel}","templated":true}]}}