{"id":1374,"date":"2014-01-07T14:54:56","date_gmt":"2014-01-07T14:54:56","guid":{"rendered":"https:\/\/www.hotelmennini.com\/es\/posizione\/"},"modified":"2018-07-11T14:24:14","modified_gmt":"2018-07-11T14:24:14","slug":"ubicacion","status":"publish","type":"page","link":"https:\/\/www.hotelmennini.com\/es\/ubicacion\/","title":{"rendered":"Ubicaci\u00f3n"},"content":{"rendered":"<div class=\"wpb-content-wrapper\">[vc_row el_class=\u00bbbox-interno\u00bb][vc_column][vc_column_text el_class=\u00bbwrap\u00bb]\n<h1>Ubicaci\u00f3n<\/h1>\n<p class=\"testopagine\">En una posici\u00f3n excelente entre los <b>hoteles de 3 estrellas de Mil\u00e1n<\/b>, el Hotel Mennini se encuentra a 150 metros de la <b>Stazione Centrale<\/b>, de las <b>terminales a\u00e9reas<\/b> desde las que se puede llegar a los aeropuertos de Malpensa, Linate y Bergamo Orio al Serio y a 100 metros de las <b>l\u00edneas de metro<\/b> M3 amarilla para el Duomo y M2 verde para Loreto (Corso Buenos Aires), Cadorna (trasbordo para la Feria y Malpensa) y Sant&#8217;Ambrogio, que, junto con los diversos <b>tranv\u00edas<\/b> y <b>autobuses<\/b>, garantizan al hotel Mennini una conexi\u00f3n pr\u00e1ctica tanto con las zonas de negocios de la ciudad como con las tur\u00edsticas y de compras.<\/p>\n[\/vc_column_text][\/vc_column][\/vc_row][vc_row][vc_column][vc_empty_space][\/vc_column][\/vc_row][vc_row el_class=\u00bbwrap\u00bb][vc_column][vc_column_text]\n<h2>C\u00f3mo llegar<\/h2>\n[\/vc_column_text][\/vc_column][\/vc_row][vc_row el_class=\u00bbsection_map\u00bb][vc_column][vc_row_inner el_class=\u00bbwrap\u00bb][vc_column_inner][vc_gmaps link=\u00bb#E-8_JTNDaWZyYW1lJTIwc3JjJTNEJTIyaHR0cHMlM0ElMkYlMkZ3d3cuaG90ZWxtZW5uaW5pLmNvbSUyRndwLWNvbnRlbnQlMkZ0aGVtZXMlMkZob3RlbG1lbm5pbmklMkZtYXBwYS5odG0lMjIlMjB3aWR0aCUzRCUyMjEwMCUyNSUyMiUyMGhlaWdodCUzRCUyMjU1MHB4JTIyJTIwZnJhbWVib3JkZXIlM0QlMjIwJTIyJTNFJTNDJTJGaWZyYW1lJTNFJTBB\u00bb][\/vc_column_inner][\/vc_row_inner][\/vc_column][\/vc_row][vc_row el_class=\u00bbwrap\u00bb][vc_column][vc_empty_space height=\u00bb20px\u00bb][vc_column_text]<a href=\"https:\/\/www.hotelmennini.com\/es\/como-llegar\/\" class=\"popup\" data-width=\"750\" data-height=\"600\" data-scrollbars=\"1\" alt=\"popup\">\n<h4 class=\"nascondimobile\">Imprime El Mapa<\/h4>\n<\/a>[\/vc_column_text][\/vc_column][\/vc_row][vc_row el_class=\u00bbwrap\u00bb][vc_column width=\u00bb1\/4&#8243;][vc_column_text]\n<h3>En avi\u00f3n<\/h3>\n<p class=\"testoda1bis\">Las navetas de los aeropuertos internacionales de Mil\u00e1n <b>Malpensa<\/b>, Mil\u00e1n <b>Linate<\/b>, Bergamo <b>Orio al Serio<\/b>, tienen su terminal en la Stazione Centrale de Mil\u00e1n, a 300 metros del hotel. Desde aqu\u00ed, puede llegar c\u00f3modamente al hotel en 7\/8 minutos a pie. Atraviesen Piazza Duca d&#8217;Aosta, delante de la estaci\u00f3n, y entren en Via Napo Torriani: ya han llegado.<\/p>\n[\/vc_column_text][\/vc_column][vc_column width=\u00bb1\/4&#8243;][vc_column_text]\n<h3>En tren<\/h3>\n<p class=\"testoda1bis\">El hotel est\u00e1 a 150 metros de la Stazione Centrale. Desde aqu\u00ed, puede llegar c\u00f3modamente al hotel en 7\/8 minutos a pie: atraviesen Piazza Duca d&#8217;Aosta, delante de la estaci\u00f3n, y entren en Via Napo Torriani: ya han llegado.<\/p>\n[\/vc_column_text][\/vc_column][vc_column width=\u00bb1\/4&#8243;][vc_column_text]\n<h3>En coche<\/h3>\n<p class=\"testoda1bis\">Desde Venecia, desde la A4 tomar la Tangencial este (Tangenziale est) y salir en \u00abLambrate\u00bb (salida 8), continuar recto a lo largo de Via Rombon y Via Porpora hasta Piazzale Loreto. Bordear el Piazzale y entrar en Corso Buenos Aires, recorri\u00e9ndolo hasta llegar a Piazza Lima. Girar a la derecha y entrar en Via Vitruvio; 600 metros m\u00e1s adelante, girar a la derecha y entrar en Via Lepetit y, en la rotonda, coger la primera a la derecha (Via Torriani) y avanzar 100 metros: ya han llegado al hotel.<\/p>\n<p>Desde Tur\u00edn, desde la A4 y desde la A8 tomar la salida Viale Certosa, continuar hasta Piazza Firenze y girar a la izquierda en direcci\u00f3n a la Stazione Centrale.<\/p>\n[\/vc_column_text][\/vc_column][vc_column width=\u00bb1\/4&#8243;][vc_column_text]\n<h3>QR Code<\/h3>\n<p class=\"testoda1bis\">Captura este c\u00f3digo con su smartphone para salvar Hotel Mennini direcciones y coordenadas GPS.<\/p>\n<p><img decoding=\"async\" src=\"https:\/\/www.hotelmennini.com\/wp-content\/uploads\/2014\/01\/QRickit.png\" alt=\"\" \/>[\/vc_column_text][\/vc_column][\/vc_row][vc_row][vc_column][vc_media_grid element_width=\u00bb3&#8243; gap=\u00bb0&#8243; item=\u00bbmediaGrid_FadeInWithIcon\u00bb grid_id=\u00bbvc_gid:1531319030076-017dcb3b-7282-4&#8243; include=\u00bb937,938,939,940&#8243;][\/vc_column][\/vc_row][vc_row el_class=\u00bbsection_locationtabs\u00bb][vc_column][vc_row_inner el_class=\u00bbwrap\u00bb css=\u00bb.vc_custom_1452605193830{background-color: #ffffff !important;}\u00bb][vc_column_inner width=\u00bb1\/2&#8243;][vc_column_text]\n<h3>Feria de Mil\u00e1n<\/h3>\n<p class=\"booksottotesto\"><b>Fieramilanocity<\/b>, la Feria del centro, en Largo Domodossola (parada M1 Amendola &#8211; Fiera), es sede de importantes exhibiciones-mercado conocidas en todo el mundo, como las de moda (Milanovendemoda, Modaprima, Sposa Italia, etc.) y de turismo (BIT Borsa Internazionale del Turismo), y funciona tambi\u00e9n como Centro de Congresos con el FMC Center, que, junto con el PalaConvention, completa la oferta congresual del centro de Mil\u00e1n, siendo uno de los centros m\u00e1s significativos de Europa y del mundo.<\/p>\n<p class=\"booksottotesto\"><b>Fieramilano<\/b> &#8211; Nuovo quartiere, en Rho, en la \u00faltima parada de la l\u00ednea M1 (Rho &#8211; Fiera) y a 15 minutos de la Feria del centro, es la sede futurista inaugurada en el 2005, un verdadero barrio de exposiciones que ha redefinido el polo de ferias de Mil\u00e1n. Totalmente de vanguardia, es un ejemplo de nivel internacional seg\u00fan los est\u00e1ndares cualitativos, funcionales y est\u00e9ticos del sector.<\/p>\n[\/vc_column_text][\/vc_column_inner][vc_column_inner width=\u00bb1\/2&#8243;][vc_column_text]\n<h3>Shopping en Mil\u00e1n<\/h3>\n<p class=\"booksottotesto\">En Mil\u00e1n, capital mundial de la moda y el estilo, hay m\u00e1s de <b>600 showrooms<\/b> y miles de escaparates que marcan las tendencias del look de cada temporada. A 500 metros del Hotel Mennini, <b>Corso Buenos Aires<\/b> es la arteria comercial de Mil\u00e1n con m\u00e1s tiendas, mientras que los alrededores de Piazza Duomo (parada M3 amarilla) son el coraz\u00f3n del shopping, desde el de marca y tendencias de <b>Corso Vittorio Emanuele<\/b> hasta las franquicias de Corso Torino y las marcas exclusivas del <b>Cuadril\u00e1tero de la Moda<\/b>, situado entre Via Montenapoleone (parada M3 amarilla Montenapoleone), Via della Spiga, Via Manzoni, Via Sant&#8217;Andrea.<\/p>\n<p class=\"booksottotesto\">En particular, en Montenapoleone se encuentran Valentino y <b>Versace<\/b>, <b>Prada<\/b> y <b>Gucci<\/b>; en Via della Spiga, <b>Dolce &amp; Gabbana<\/b>, Krizia y Roberto <b>Cavalli<\/b>; en Via Manzoni, <b>Armani<\/b>, Les Copains y La Perla; en<b> Via Sant&#8217;Andrea<\/b>, Gianfranco <b>Ferr\u00e8<\/b> y las casas Chanel, Hermes y Kenzo.<\/p>\n[\/vc_column_text][\/vc_column_inner][\/vc_row_inner][\/vc_column][\/vc_row][vc_row][vc_column][vc_empty_space][\/vc_column][\/vc_row][vc_row][vc_column][vc_media_grid element_width=\u00bb3&#8243; gap=\u00bb0&#8243; item=\u00bbmediaGrid_FadeInWithIcon\u00bb grid_id=\u00bbvc_gid:1531319030094-c86af859-77e7-9&#8243; include=\u00bb946,947,944,945&#8243; css=\u00bb.vc_custom_1452781033030{margin-top: 0px !important;margin-right: 0px !important;margin-bottom: 0px !important;margin-left: 0px !important;padding-top: 0px !important;padding-right: 0px !important;padding-bottom: 0px !important;padding-left: 0px !important;}\u00bb][\/vc_column][\/vc_row]\n<\/div>","protected":false},"excerpt":{"rendered":"<p>[vc_row el_class=\u00bbbox-interno\u00bb][vc_column][vc_column_text el_class=\u00bbwrap\u00bb] Ubicaci\u00f3n En una posici\u00f3n excelente entre los hoteles de 3 estrellas de Mil\u00e1n, el Hotel Mennini se encuentra a 150 metros de la Stazione Centrale, de las terminales a\u00e9reas desde las que se puede llegar a los aeropuertos de Malpensa, Linate y Bergamo Orio al Serio y a 100 metros de las [&hellip;]<\/p>\n","protected":false},"author":30,"featured_media":0,"parent":0,"menu_order":0,"comment_status":"open","ping_status":"open","template":"","meta":{"_genesis_hide_title":false,"_genesis_hide_breadcrumbs":false,"_genesis_hide_singular_image":false,"_genesis_hide_footer_widgets":false,"_genesis_custom_body_class":"","_genesis_custom_post_class":"","_genesis_layout":"","footnotes":""},"class_list":{"0":"post-1374","1":"page","2":"type-page","3":"status-publish","5":"entry"},"yoast_head":"<!-- This site is optimized with the Yoast SEO plugin v25.6 - https:\/\/yoast.com\/wordpress\/plugins\/seo\/ -->\n<title>Ubicaci\u00f3n - Hotel Mennini<\/title>\n<meta name=\"description\" content=\"El Hotel Mennini se encuentra a 150 metros de la Stazione Centrale, de las terminales a\u00e9reas de Malpensa, Linate y Orio al Serio y a 100 metros de las l\u00edneas de metro.\" \/>\n<meta name=\"robots\" content=\"index, follow, max-snippet:-1, max-image-preview:large, max-video-preview:-1\" \/>\n<link rel=\"canonical\" href=\"https:\/\/www.hotelmennini.com\/es\/ubicacion\/\" \/>\n<meta property=\"og:locale\" content=\"es_ES\" \/>\n<meta property=\"og:type\" content=\"article\" \/>\n<meta property=\"og:title\" content=\"Ubicaci\u00f3n - Hotel Mennini\" \/>\n<meta property=\"og:description\" content=\"El Hotel Mennini se encuentra a 150 metros de la Stazione Centrale, de las terminales a\u00e9reas de Malpensa, Linate y Orio al Serio y a 100 metros de las l\u00edneas de metro.\" \/>\n<meta property=\"og:url\" content=\"https:\/\/www.hotelmennini.com\/es\/ubicacion\/\" \/>\n<meta property=\"og:site_name\" content=\"Hotel Mennini\" \/>\n<meta property=\"article:modified_time\" content=\"2018-07-11T14:24:14+00:00\" \/>\n<meta property=\"og:image\" content=\"https:\/\/www.hotelmennini.com\/wp-content\/uploads\/2014\/01\/QRickit.png\" \/>\n<meta name=\"twitter:label1\" content=\"Tiempo de lectura\" \/>\n\t<meta name=\"twitter:data1\" content=\"5 minutos\" \/>\n<script type=\"application\/ld+json\" class=\"yoast-schema-graph\">{\"@context\":\"https:\/\/schema.org\",\"@graph\":[{\"@type\":\"WebPage\",\"@id\":\"https:\/\/www.hotelmennini.com\/es\/ubicacion\/\",\"url\":\"https:\/\/www.hotelmennini.com\/es\/ubicacion\/\",\"name\":\"Ubicaci\u00f3n - Hotel Mennini\",\"isPartOf\":{\"@id\":\"https:\/\/www.hotelmennini.com\/es\/#website\"},\"primaryImageOfPage\":{\"@id\":\"https:\/\/www.hotelmennini.com\/es\/ubicacion\/#primaryimage\"},\"image\":{\"@id\":\"https:\/\/www.hotelmennini.com\/es\/ubicacion\/#primaryimage\"},\"thumbnailUrl\":\"https:\/\/www.hotelmennini.com\/wp-content\/uploads\/2014\/01\/QRickit.png\",\"datePublished\":\"2014-01-07T14:54:56+00:00\",\"dateModified\":\"2018-07-11T14:24:14+00:00\",\"description\":\"El Hotel Mennini se encuentra a 150 metros de la Stazione Centrale, de las terminales a\u00e9reas de Malpensa, Linate y Orio al Serio y a 100 metros de las l\u00edneas de metro.\",\"breadcrumb\":{\"@id\":\"https:\/\/www.hotelmennini.com\/es\/ubicacion\/#breadcrumb\"},\"inLanguage\":\"es\",\"potentialAction\":[{\"@type\":\"ReadAction\",\"target\":[\"https:\/\/www.hotelmennini.com\/es\/ubicacion\/\"]}]},{\"@type\":\"ImageObject\",\"inLanguage\":\"es\",\"@id\":\"https:\/\/www.hotelmennini.com\/es\/ubicacion\/#primaryimage\",\"url\":\"https:\/\/www.hotelmennini.com\/wp-content\/uploads\/2014\/01\/QRickit.png\",\"contentUrl\":\"https:\/\/www.hotelmennini.com\/wp-content\/uploads\/2014\/01\/QRickit.png\"},{\"@type\":\"BreadcrumbList\",\"@id\":\"https:\/\/www.hotelmennini.com\/es\/ubicacion\/#breadcrumb\",\"itemListElement\":[{\"@type\":\"ListItem\",\"position\":1,\"name\":\"Home\",\"item\":\"https:\/\/www.hotelmennini.com\/es\/\"},{\"@type\":\"ListItem\",\"position\":2,\"name\":\"Ubicaci\u00f3n\"}]},{\"@type\":\"WebSite\",\"@id\":\"https:\/\/www.hotelmennini.com\/es\/#website\",\"url\":\"https:\/\/www.hotelmennini.com\/es\/\",\"name\":\"Hotel Mennini\",\"description\":\"\",\"potentialAction\":[{\"@type\":\"SearchAction\",\"target\":{\"@type\":\"EntryPoint\",\"urlTemplate\":\"https:\/\/www.hotelmennini.com\/es\/?s={search_term_string}\"},\"query-input\":{\"@type\":\"PropertyValueSpecification\",\"valueRequired\":true,\"valueName\":\"search_term_string\"}}],\"inLanguage\":\"es\"}]}<\/script>\n<!-- \/ Yoast SEO plugin. -->","yoast_head_json":{"title":"Ubicaci\u00f3n - Hotel Mennini","description":"El Hotel Mennini se encuentra a 150 metros de la Stazione Centrale, de las terminales a\u00e9reas de Malpensa, Linate y Orio al Serio y a 100 metros de las l\u00edneas de metro.","robots":{"index":"index","follow":"follow","max-snippet":"max-snippet:-1","max-image-preview":"max-image-preview:large","max-video-preview":"max-video-preview:-1"},"canonical":"https:\/\/www.hotelmennini.com\/es\/ubicacion\/","og_locale":"es_ES","og_type":"article","og_title":"Ubicaci\u00f3n - Hotel Mennini","og_description":"El Hotel Mennini se encuentra a 150 metros de la Stazione Centrale, de las terminales a\u00e9reas de Malpensa, Linate y Orio al Serio y a 100 metros de las l\u00edneas de metro.","og_url":"https:\/\/www.hotelmennini.com\/es\/ubicacion\/","og_site_name":"Hotel Mennini","article_modified_time":"2018-07-11T14:24:14+00:00","og_image":[{"url":"https:\/\/www.hotelmennini.com\/wp-content\/uploads\/2014\/01\/QRickit.png","type":"","width":"","height":""}],"twitter_misc":{"Tiempo de lectura":"5 minutos"},"schema":{"@context":"https:\/\/schema.org","@graph":[{"@type":"WebPage","@id":"https:\/\/www.hotelmennini.com\/es\/ubicacion\/","url":"https:\/\/www.hotelmennini.com\/es\/ubicacion\/","name":"Ubicaci\u00f3n - Hotel Mennini","isPartOf":{"@id":"https:\/\/www.hotelmennini.com\/es\/#website"},"primaryImageOfPage":{"@id":"https:\/\/www.hotelmennini.com\/es\/ubicacion\/#primaryimage"},"image":{"@id":"https:\/\/www.hotelmennini.com\/es\/ubicacion\/#primaryimage"},"thumbnailUrl":"https:\/\/www.hotelmennini.com\/wp-content\/uploads\/2014\/01\/QRickit.png","datePublished":"2014-01-07T14:54:56+00:00","dateModified":"2018-07-11T14:24:14+00:00","description":"El Hotel Mennini se encuentra a 150 metros de la Stazione Centrale, de las terminales a\u00e9reas de Malpensa, Linate y Orio al Serio y a 100 metros de las l\u00edneas de metro.","breadcrumb":{"@id":"https:\/\/www.hotelmennini.com\/es\/ubicacion\/#breadcrumb"},"inLanguage":"es","potentialAction":[{"@type":"ReadAction","target":["https:\/\/www.hotelmennini.com\/es\/ubicacion\/"]}]},{"@type":"ImageObject","inLanguage":"es","@id":"https:\/\/www.hotelmennini.com\/es\/ubicacion\/#primaryimage","url":"https:\/\/www.hotelmennini.com\/wp-content\/uploads\/2014\/01\/QRickit.png","contentUrl":"https:\/\/www.hotelmennini.com\/wp-content\/uploads\/2014\/01\/QRickit.png"},{"@type":"BreadcrumbList","@id":"https:\/\/www.hotelmennini.com\/es\/ubicacion\/#breadcrumb","itemListElement":[{"@type":"ListItem","position":1,"name":"Home","item":"https:\/\/www.hotelmennini.com\/es\/"},{"@type":"ListItem","position":2,"name":"Ubicaci\u00f3n"}]},{"@type":"WebSite","@id":"https:\/\/www.hotelmennini.com\/es\/#website","url":"https:\/\/www.hotelmennini.com\/es\/","name":"Hotel Mennini","description":"","potentialAction":[{"@type":"SearchAction","target":{"@type":"EntryPoint","urlTemplate":"https:\/\/www.hotelmennini.com\/es\/?s={search_term_string}"},"query-input":{"@type":"PropertyValueSpecification","valueRequired":true,"valueName":"search_term_string"}}],"inLanguage":"es"}]}},"publishpress_future_action":{"enabled":false,"date":"2026-05-10 17:30:39","action":"change-status","newStatus":"draft","terms":[],"taxonomy":"translation_priority","extraData":[]},"publishpress_future_workflow_manual_trigger":{"enabledWorkflows":[]},"_links":{"self":[{"href":"https:\/\/www.hotelmennini.com\/es\/wp-json\/wp\/v2\/pages\/1374","targetHints":{"allow":["GET"]}}],"collection":[{"href":"https:\/\/www.hotelmennini.com\/es\/wp-json\/wp\/v2\/pages"}],"about":[{"href":"https:\/\/www.hotelmennini.com\/es\/wp-json\/wp\/v2\/types\/page"}],"author":[{"embeddable":true,"href":"https:\/\/www.hotelmennini.com\/es\/wp-json\/wp\/v2\/users\/30"}],"replies":[{"embeddable":true,"href":"https:\/\/www.hotelmennini.com\/es\/wp-json\/wp\/v2\/comments?post=1374"}],"version-history":[{"count":5,"href":"https:\/\/www.hotelmennini.com\/es\/wp-json\/wp\/v2\/pages\/1374\/revisions"}],"predecessor-version":[{"id":1635,"href":"https:\/\/www.hotelmennini.com\/es\/wp-json\/wp\/v2\/pages\/1374\/revisions\/1635"}],"wp:attachment":[{"href":"https:\/\/www.hotelmennini.com\/es\/wp-json\/wp\/v2\/media?parent=1374"}],"curies":[{"name":"wp","href":"https:\/\/api.w.org\/{rel}","templated":true}]}}