{"id":197,"date":"2013-09-04T09:28:57","date_gmt":"2013-09-04T09:28:57","guid":{"rendered":"https:\/\/www.hotelmennini.com\/?page_id=197"},"modified":"2017-09-27T09:41:29","modified_gmt":"2017-09-27T09:41:29","slug":"reservas","status":"publish","type":"page","link":"https:\/\/www.hotelmennini.com\/es\/reservas\/","title":{"rendered":"Reservas"},"content":{"rendered":"<div class=\"wpb-content-wrapper\">[vc_row el_class=\u00bbwrap\u00bb][vc_column][vc_column_text el_class=\u00bbbox-interno\u00bb]\n<h1>Reservas<\/h1>\n<div class=\"one-half first\">\n<h2><a href=\"https:\/\/book2.nozio.com\/accommodation\/list?channelId=24b95680-280d-46b7-9fc8-b67011ac4308&#038;culture=es\">Comprobar precios y disponibilidad on-line<\/a><\/h2>\n<p>\u00bfDesea verificar los precios y la disponibilidad o desea reservar de inmediato para asegurarse el alojamiento? Utilice nuestro sistema de reserva online, sencillo y seguro.<br \/>\nSi el sistema no satisface sus necesidades, le rogamos nos contacte utilizando el formulario de solicitud de disponibilidad.<\/p>\n<\/div>\n<div class=\"one-half\">\n<h2><a href=\"https:\/\/www.hotelmennini.com\/es\/request-es\/\">Solicitud de informaciones<\/a><\/h2>\n<p>\u00bfPrefiere pedir informaci\u00f3n por e-mail a nuestro personal? \u00bfTiene alguna petici\u00f3n en particular que nuestro sistema de reserva online no le satisface? Rellene el formulario de solicitud de disponibilidad y recibir\u00e1 todas las respuestas que desee directamente en su buz\u00f3n de correo electr\u00f3nico.<\/p>\n<\/div>\n<p class=\"spazio\">\n<h3>Transacciones seguras<\/h3>\n<p>Para confirmar las reservas con tarjeta de cr\u00e9dito, este sitio utiliza un <strong>servidor seguro<\/strong> conforme al est\u00e1ndar mundial de encriptado <strong>Secure Socket Layer (SSL) de 256 bits<\/strong>.[\/vc_column_text][\/vc_column][\/vc_row]\n<\/div>","protected":false},"excerpt":{"rendered":"<p>[vc_row el_class=\u00bbwrap\u00bb][vc_column][vc_column_text el_class=\u00bbbox-interno\u00bb] Reservas Comprobar precios y disponibilidad on-line \u00bfDesea verificar los precios y la disponibilidad o desea reservar de inmediato para asegurarse el alojamiento? Utilice nuestro sistema de reserva online, sencillo y seguro. Si el sistema no satisface sus necesidades, le rogamos nos contacte utilizando el formulario de solicitud de disponibilidad. Solicitud de informaciones [&hellip;]<\/p>\n","protected":false},"author":30,"featured_media":0,"parent":0,"menu_order":0,"comment_status":"open","ping_status":"open","template":"","meta":{"_genesis_hide_title":false,"_genesis_hide_breadcrumbs":false,"_genesis_hide_singular_image":false,"_genesis_hide_footer_widgets":false,"_genesis_custom_body_class":"","_genesis_custom_post_class":"","_genesis_layout":"","footnotes":""},"class_list":{"0":"post-197","1":"page","2":"type-page","3":"status-publish","5":"entry"},"yoast_head":"<!-- This site is optimized with the Yoast SEO plugin v25.6 - https:\/\/yoast.com\/wordpress\/plugins\/seo\/ -->\n<title>Reservas - Hotel Mennini<\/title>\n<meta name=\"description\" content=\"Reservas, Hotel Mennini:\" \/>\n<meta name=\"robots\" content=\"noindex, nofollow\" \/>\n<meta property=\"og:locale\" content=\"es_ES\" \/>\n<meta property=\"og:type\" content=\"article\" \/>\n<meta property=\"og:title\" content=\"Reservas - Hotel Mennini\" \/>\n<meta property=\"og:description\" content=\"Reservas, Hotel Mennini:\" \/>\n<meta property=\"og:url\" content=\"https:\/\/www.hotelmennini.com\/es\/reservas\/\" \/>\n<meta property=\"og:site_name\" content=\"Hotel Mennini\" \/>\n<meta property=\"article:modified_time\" content=\"2017-09-27T09:41:29+00:00\" \/>\n<meta name=\"twitter:label1\" content=\"Tiempo de lectura\" \/>\n\t<meta name=\"twitter:data1\" content=\"1 minuto\" \/>\n<script type=\"application\/ld+json\" class=\"yoast-schema-graph\">{\"@context\":\"https:\/\/schema.org\",\"@graph\":[{\"@type\":\"WebPage\",\"@id\":\"https:\/\/www.hotelmennini.com\/es\/reservas\/\",\"url\":\"https:\/\/www.hotelmennini.com\/es\/reservas\/\",\"name\":\"Reservas - Hotel Mennini\",\"isPartOf\":{\"@id\":\"https:\/\/www.hotelmennini.com\/es\/#website\"},\"datePublished\":\"2013-09-04T09:28:57+00:00\",\"dateModified\":\"2017-09-27T09:41:29+00:00\",\"description\":\"Reservas, Hotel Mennini:\",\"breadcrumb\":{\"@id\":\"https:\/\/www.hotelmennini.com\/es\/reservas\/#breadcrumb\"},\"inLanguage\":\"es\",\"potentialAction\":[{\"@type\":\"ReadAction\",\"target\":[\"https:\/\/www.hotelmennini.com\/es\/reservas\/\"]}]},{\"@type\":\"BreadcrumbList\",\"@id\":\"https:\/\/www.hotelmennini.com\/es\/reservas\/#breadcrumb\",\"itemListElement\":[{\"@type\":\"ListItem\",\"position\":1,\"name\":\"Home\",\"item\":\"https:\/\/www.hotelmennini.com\/es\/\"},{\"@type\":\"ListItem\",\"position\":2,\"name\":\"Reservas\"}]},{\"@type\":\"WebSite\",\"@id\":\"https:\/\/www.hotelmennini.com\/es\/#website\",\"url\":\"https:\/\/www.hotelmennini.com\/es\/\",\"name\":\"Hotel Mennini\",\"description\":\"\",\"potentialAction\":[{\"@type\":\"SearchAction\",\"target\":{\"@type\":\"EntryPoint\",\"urlTemplate\":\"https:\/\/www.hotelmennini.com\/es\/?s={search_term_string}\"},\"query-input\":{\"@type\":\"PropertyValueSpecification\",\"valueRequired\":true,\"valueName\":\"search_term_string\"}}],\"inLanguage\":\"es\"}]}<\/script>\n<!-- \/ Yoast SEO plugin. -->","yoast_head_json":{"title":"Reservas - Hotel Mennini","description":"Reservas, Hotel Mennini:","robots":{"index":"noindex","follow":"nofollow"},"og_locale":"es_ES","og_type":"article","og_title":"Reservas - Hotel Mennini","og_description":"Reservas, Hotel Mennini:","og_url":"https:\/\/www.hotelmennini.com\/es\/reservas\/","og_site_name":"Hotel Mennini","article_modified_time":"2017-09-27T09:41:29+00:00","twitter_misc":{"Tiempo de lectura":"1 minuto"},"schema":{"@context":"https:\/\/schema.org","@graph":[{"@type":"WebPage","@id":"https:\/\/www.hotelmennini.com\/es\/reservas\/","url":"https:\/\/www.hotelmennini.com\/es\/reservas\/","name":"Reservas - Hotel Mennini","isPartOf":{"@id":"https:\/\/www.hotelmennini.com\/es\/#website"},"datePublished":"2013-09-04T09:28:57+00:00","dateModified":"2017-09-27T09:41:29+00:00","description":"Reservas, Hotel Mennini:","breadcrumb":{"@id":"https:\/\/www.hotelmennini.com\/es\/reservas\/#breadcrumb"},"inLanguage":"es","potentialAction":[{"@type":"ReadAction","target":["https:\/\/www.hotelmennini.com\/es\/reservas\/"]}]},{"@type":"BreadcrumbList","@id":"https:\/\/www.hotelmennini.com\/es\/reservas\/#breadcrumb","itemListElement":[{"@type":"ListItem","position":1,"name":"Home","item":"https:\/\/www.hotelmennini.com\/es\/"},{"@type":"ListItem","position":2,"name":"Reservas"}]},{"@type":"WebSite","@id":"https:\/\/www.hotelmennini.com\/es\/#website","url":"https:\/\/www.hotelmennini.com\/es\/","name":"Hotel Mennini","description":"","potentialAction":[{"@type":"SearchAction","target":{"@type":"EntryPoint","urlTemplate":"https:\/\/www.hotelmennini.com\/es\/?s={search_term_string}"},"query-input":{"@type":"PropertyValueSpecification","valueRequired":true,"valueName":"search_term_string"}}],"inLanguage":"es"}]}},"publishpress_future_action":{"enabled":false,"date":"2026-05-10 17:30:09","action":"change-status","newStatus":"draft","terms":[],"taxonomy":"translation_priority","extraData":[]},"publishpress_future_workflow_manual_trigger":{"enabledWorkflows":[]},"_links":{"self":[{"href":"https:\/\/www.hotelmennini.com\/es\/wp-json\/wp\/v2\/pages\/197","targetHints":{"allow":["GET"]}}],"collection":[{"href":"https:\/\/www.hotelmennini.com\/es\/wp-json\/wp\/v2\/pages"}],"about":[{"href":"https:\/\/www.hotelmennini.com\/es\/wp-json\/wp\/v2\/types\/page"}],"author":[{"embeddable":true,"href":"https:\/\/www.hotelmennini.com\/es\/wp-json\/wp\/v2\/users\/30"}],"replies":[{"embeddable":true,"href":"https:\/\/www.hotelmennini.com\/es\/wp-json\/wp\/v2\/comments?post=197"}],"version-history":[{"count":5,"href":"https:\/\/www.hotelmennini.com\/es\/wp-json\/wp\/v2\/pages\/197\/revisions"}],"predecessor-version":[{"id":1610,"href":"https:\/\/www.hotelmennini.com\/es\/wp-json\/wp\/v2\/pages\/197\/revisions\/1610"}],"wp:attachment":[{"href":"https:\/\/www.hotelmennini.com\/es\/wp-json\/wp\/v2\/media?parent=197"}],"curies":[{"name":"wp","href":"https:\/\/api.w.org\/{rel}","templated":true}]}}