{"id":1329,"date":"2016-01-26T13:21:00","date_gmt":"2016-01-26T13:21:00","guid":{"rendered":"https:\/\/www.hotelmennini.com\/fr\/?page_id=1329"},"modified":"2016-01-28T09:36:00","modified_gmt":"2016-01-28T09:36:00","slug":"services","status":"publish","type":"page","link":"https:\/\/www.hotelmennini.com\/fr\/services\/","title":{"rendered":"Services"},"content":{"rendered":"<div class=\"wpb-content-wrapper\">[vc_row el_class=\u00a0\u00bbbox-interno\u00a0\u00bb][vc_column][vc_column_text el_class=\u00a0\u00bbwrap\u00a0\u00bb]\n<h1>Services<\/h1>\n<p class=\"testopagine\">Moderne et pratique, l&rsquo;H\u00f4tel Mennini se positionne comme un des <b>h\u00f4tels 3 \u00e9toiles de Milan<\/b> avec la plus grande offre de services qui rend votre s\u00e9jour d&rsquo;affaires ou touristique extr\u00eamement confortable. Les h\u00f4tes peuvent arriver \u00e0 l&rsquo;h\u00f4tel \u00e0 tout moment, gr\u00e2ce \u00e0 la <b>r\u00e9ception<\/b> ouverte <b>24h\/24<\/b> tout comme le <b>garage conventionn\u00e9<\/b> \u00e0 50 m\u00e8tres de l&rsquo;h\u00f4tel, et trouver \u00e0 leur disposition, dans le hall, un <b>acc\u00e8s <\/b><b>internet Wi-Fi<\/b> et les principaux <b>quotidiens<\/b> italiens et internationaux ainsi que des informations touristiques.<\/p>\n[\/vc_column_text][\/vc_column][\/vc_row][vc_row el_class=\u00a0\u00bbwrap\u00a0\u00bb][vc_column width=\u00a0\u00bb1\/2&Prime;][vc_column_text el_class=\u00a0\u00bbtxt-interno\u00a0\u00bb]\n<p class=\"testopagine\">L&rsquo;accueil pr\u00e9voit aussi la r\u00e9servation sur demande de visites guid\u00e9es et d&rsquo;excursions, de voitures avec ou sans chauffeur et un service d&rsquo;interpr\u00e9tariat pour les clients qui en ont la n\u00e9cessit\u00e9.<br \/>\nL&rsquo;excellent <b>petit-d\u00e9jeuner continental<\/b> est servi dans la salle pr\u00e9vue \u00e0 cet effet et se trouve sous forme de buffet pour r\u00e9pondre aux pr\u00e9f\u00e9rences de la client\u00e8le internationale qui descend habituellement \u00e0 l&rsquo;h\u00f4tel. Pour les clients qui le souhaitent, il peut \u00e9galement \u00eatre servi <b>en chambre<\/b>.<\/p>\n<p class=\"testopagine\">D\u00e9sormais, l&rsquo;H\u00f4tel Mennini offre <strong>davantage de confort<\/strong> et de services \u00e0 ses clients ! Du nouvel ameublement qui ajoute de l&rsquo;\u00e9l\u00e9gance et du charme \u00e0 l&rsquo;h\u00f4tel, au verre d&rsquo;accueil qui vous attendra \u00e0 votre arriv\u00e9e, en passant par le <strong>petit d\u00e9jeuner pour les personnes intol\u00e9rantes au gluten<\/strong>, les attentions que nous r\u00e9servons \u00e0 nos clients sont infinies ! Sans oublier le <strong>Wi-Fi gratuit<\/strong> dans le hall, le <strong>transfert vers l&rsquo;a\u00e9roport<\/strong>, le restaurant conventionn\u00e9 pour d\u00eener \u00e0 l&rsquo;h\u00f4tel, ainsi qu&rsquo;une <strong>bouilloire pour pr\u00e9parer un th\u00e9<\/strong> dans la chambre !<\/p>\n[\/vc_column_text][\/vc_column][vc_column width=\u00a0\u00bb1\/2&Prime;][vc_media_grid element_width=\u00a0\u00bb6&Prime; gap=\u00a0\u00bb0&Prime; item=\u00a0\u00bbmediaGrid_FadeInWithIcon\u00a0\u00bb grid_id=\u00a0\u00bbvc_gid:1453814395768-367cfe99-8477-2&Prime; include=\u00a0\u00bb959,957,956,958&Prime;][\/vc_column][\/vc_row][vc_row el_class=\u00a0\u00bbbg_linkservizi\u00a0\u00bb css=\u00a0\u00bb.vc_custom_1452876093699{margin-top: 30px !important;margin-bottom: 30px !important;padding-top: 15px !important;padding-bottom: 15px !important;background-image: url(https:\/\/www.hotelmennini.com\/wp-content\/uploads\/2016\/01\/bg_linkservizi.jpg?id=1095) !important;}\u00a0\u00bb][vc_column][vc_row_inner el_class=\u00a0\u00bbwrap\u00a0\u00bb][vc_column_inner width=\u00a0\u00bb1\/2&Prime;][vc_column_text el_class=\u00a0\u00bbbox-index-section5&Prime;]\n<div class=\"box-index-galleria\">\n<p><a href=\"https:\/\/www.hotelmennini.com\/fr\/galerie-de-photos\/\"><img decoding=\"async\" src=\"https:\/\/www.hotelmennini.com\/wp-content\/uploads\/2016\/01\/link_gallery.jpg\" alt=\"\" \/><\/a><\/p>\n<h2>Galerie de Photos<\/h2>\n<\/div>\n[\/vc_column_text][\/vc_column_inner][vc_column_inner width=\u00a0\u00bb1\/2&Prime;][vc_column_text el_class=\u00a0\u00bbbox-index-section5&Prime;]\n<div class=\"box-index-servizi\">\n<p><a href=\"https:\/\/www.hotelmennini.com\/fr\/meeting\/\"><img decoding=\"async\" src=\"https:\/\/www.hotelmennini.com\/wp-content\/uploads\/2016\/01\/link_meetings.jpg\" alt=\"\" \/><\/a><\/p>\n<h2>Meeting<\/h2>\n<\/div>\n[\/vc_column_text][\/vc_column_inner][\/vc_row_inner][\/vc_column][\/vc_row][vc_row el_class=\u00a0\u00bbwrap\u00a0\u00bb][vc_column width=\u00a0\u00bb1\/4&Prime;][vc_single_image image=\u00a0\u00bb954&Prime; img_size=\u00a0\u00bb222&#215;222&Prime; style=\u00a0\u00bbvc_box_border\u00a0\u00bb onclick=\u00a0\u00bbimg_link_large\u00a0\u00bb css_animation=\u00a0\u00bbappear\u00a0\u00bb][\/vc_column][vc_column width=\u00a0\u00bb1\/4&Prime;][vc_column_text]\n<h3>Pet Friendly<\/h3>\n<p>Si <strong>votre chien<\/strong> souhaite lui aussi faire partie de nos clients, demandez une chambre avec une terrasse et un bol ![\/vc_column_text][\/vc_column][vc_column width=\u00a0\u00bb1\/2&Prime;][vc_column_text]\n<h3>Services<\/h3>\n<p class=\"testoda1\">R\u00e9ception 24h\/24 &#8211; Acc\u00e8s Internet Wi-Fi &#8211; Interpr\u00e9tariat &#8211; Teinturerie &#8211; Blanchisserie &#8211; Petits animaux accept\u00e9s &#8211; Location de voiture avec\/sans chauffeur &#8211; Garage conventionn\u00e9<\/p>\n[\/vc_column_text][\/vc_column][\/vc_row]\n<\/div>","protected":false},"excerpt":{"rendered":"<p>[vc_row el_class=\u00a0\u00bbbox-interno\u00a0\u00bb][vc_column][vc_column_text el_class=\u00a0\u00bbwrap\u00a0\u00bb] Services Moderne et pratique, l&rsquo;H\u00f4tel Mennini se positionne comme un des h\u00f4tels 3 \u00e9toiles de Milan avec la plus grande offre de services qui rend votre s\u00e9jour d&rsquo;affaires ou touristique extr\u00eamement confortable. Les h\u00f4tes peuvent arriver \u00e0 l&rsquo;h\u00f4tel \u00e0 tout moment, gr\u00e2ce \u00e0 la r\u00e9ception ouverte 24h\/24 tout comme le garage conventionn\u00e9 [&hellip;]<\/p>\n","protected":false},"author":30,"featured_media":0,"parent":0,"menu_order":0,"comment_status":"closed","ping_status":"closed","template":"","meta":{"_genesis_hide_title":false,"_genesis_hide_breadcrumbs":false,"_genesis_hide_singular_image":false,"_genesis_hide_footer_widgets":false,"_genesis_custom_body_class":"","_genesis_custom_post_class":"","_genesis_layout":"","footnotes":""},"class_list":{"0":"post-1329","1":"page","2":"type-page","3":"status-publish","5":"entry"},"yoast_head":"<!-- This site is optimized with the Yoast SEO plugin v25.6 - https:\/\/yoast.com\/wordpress\/plugins\/seo\/ -->\n<title>Services - Hotel Mennini<\/title>\n<meta name=\"description\" content=\"Services, Hotel Mennini Milan: entre la gare centrale et le coeur de Milan, &agrave; deux pas des stations de m&eacute;tro pour la Foire et le D&ocirc;me.\u00a0\" \/>\n<meta name=\"robots\" content=\"index, follow, max-snippet:-1, max-image-preview:large, max-video-preview:-1\" \/>\n<link rel=\"canonical\" href=\"https:\/\/www.hotelmennini.com\/fr\/services\/\" \/>\n<meta property=\"og:locale\" content=\"fr_FR\" \/>\n<meta property=\"og:type\" content=\"article\" \/>\n<meta property=\"og:title\" content=\"Services - Hotel Mennini\" \/>\n<meta property=\"og:description\" content=\"Services, Hotel Mennini Milan: entre la gare centrale et le coeur de Milan, &agrave; deux pas des stations de m&eacute;tro pour la Foire et le D&ocirc;me.\u00a0\" \/>\n<meta property=\"og:url\" content=\"https:\/\/www.hotelmennini.com\/fr\/services\/\" \/>\n<meta property=\"og:site_name\" content=\"Hotel Mennini\" \/>\n<meta property=\"article:modified_time\" content=\"2016-01-28T09:36:00+00:00\" \/>\n<meta property=\"og:image\" content=\"https:\/\/www.hotelmennini.com\/wp-content\/uploads\/2016\/01\/link_gallery.jpg\" \/>\n<meta name=\"twitter:label1\" content=\"Dur\u00e9e de lecture estim\u00e9e\" \/>\n\t<meta name=\"twitter:data1\" content=\"3 minutes\" \/>\n<script type=\"application\/ld+json\" class=\"yoast-schema-graph\">{\"@context\":\"https:\/\/schema.org\",\"@graph\":[{\"@type\":\"WebPage\",\"@id\":\"https:\/\/www.hotelmennini.com\/fr\/services\/\",\"url\":\"https:\/\/www.hotelmennini.com\/fr\/services\/\",\"name\":\"Services - Hotel Mennini\",\"isPartOf\":{\"@id\":\"https:\/\/www.hotelmennini.com\/fr\/#website\"},\"primaryImageOfPage\":{\"@id\":\"https:\/\/www.hotelmennini.com\/fr\/services\/#primaryimage\"},\"image\":{\"@id\":\"https:\/\/www.hotelmennini.com\/fr\/services\/#primaryimage\"},\"thumbnailUrl\":\"https:\/\/www.hotelmennini.com\/wp-content\/uploads\/2016\/01\/link_gallery.jpg\",\"datePublished\":\"2016-01-26T13:21:00+00:00\",\"dateModified\":\"2016-01-28T09:36:00+00:00\",\"description\":\"Services, Hotel Mennini Milan: entre la gare centrale et le coeur de Milan, &agrave; deux pas des stations de m&eacute;tro pour la Foire et le D&ocirc;me.\u00a0\",\"breadcrumb\":{\"@id\":\"https:\/\/www.hotelmennini.com\/fr\/services\/#breadcrumb\"},\"inLanguage\":\"fr-FR\",\"potentialAction\":[{\"@type\":\"ReadAction\",\"target\":[\"https:\/\/www.hotelmennini.com\/fr\/services\/\"]}]},{\"@type\":\"ImageObject\",\"inLanguage\":\"fr-FR\",\"@id\":\"https:\/\/www.hotelmennini.com\/fr\/services\/#primaryimage\",\"url\":\"https:\/\/www.hotelmennini.com\/wp-content\/uploads\/2016\/01\/link_gallery.jpg\",\"contentUrl\":\"https:\/\/www.hotelmennini.com\/wp-content\/uploads\/2016\/01\/link_gallery.jpg\"},{\"@type\":\"BreadcrumbList\",\"@id\":\"https:\/\/www.hotelmennini.com\/fr\/services\/#breadcrumb\",\"itemListElement\":[{\"@type\":\"ListItem\",\"position\":1,\"name\":\"Home\",\"item\":\"https:\/\/www.hotelmennini.com\/fr\/\"},{\"@type\":\"ListItem\",\"position\":2,\"name\":\"Services\"}]},{\"@type\":\"WebSite\",\"@id\":\"https:\/\/www.hotelmennini.com\/fr\/#website\",\"url\":\"https:\/\/www.hotelmennini.com\/fr\/\",\"name\":\"Hotel Mennini\",\"description\":\"\",\"potentialAction\":[{\"@type\":\"SearchAction\",\"target\":{\"@type\":\"EntryPoint\",\"urlTemplate\":\"https:\/\/www.hotelmennini.com\/fr\/?s={search_term_string}\"},\"query-input\":{\"@type\":\"PropertyValueSpecification\",\"valueRequired\":true,\"valueName\":\"search_term_string\"}}],\"inLanguage\":\"fr-FR\"}]}<\/script>\n<!-- \/ Yoast SEO plugin. -->","yoast_head_json":{"title":"Services - Hotel Mennini","description":"Services, Hotel Mennini Milan: entre la gare centrale et le coeur de Milan, &agrave; deux pas des stations de m&eacute;tro pour la Foire et le D&ocirc;me.\u00a0","robots":{"index":"index","follow":"follow","max-snippet":"max-snippet:-1","max-image-preview":"max-image-preview:large","max-video-preview":"max-video-preview:-1"},"canonical":"https:\/\/www.hotelmennini.com\/fr\/services\/","og_locale":"fr_FR","og_type":"article","og_title":"Services - Hotel Mennini","og_description":"Services, Hotel Mennini Milan: entre la gare centrale et le coeur de Milan, &agrave; deux pas des stations de m&eacute;tro pour la Foire et le D&ocirc;me.\u00a0","og_url":"https:\/\/www.hotelmennini.com\/fr\/services\/","og_site_name":"Hotel Mennini","article_modified_time":"2016-01-28T09:36:00+00:00","og_image":[{"url":"https:\/\/www.hotelmennini.com\/wp-content\/uploads\/2016\/01\/link_gallery.jpg","type":"","width":"","height":""}],"twitter_misc":{"Dur\u00e9e de lecture estim\u00e9e":"3 minutes"},"schema":{"@context":"https:\/\/schema.org","@graph":[{"@type":"WebPage","@id":"https:\/\/www.hotelmennini.com\/fr\/services\/","url":"https:\/\/www.hotelmennini.com\/fr\/services\/","name":"Services - Hotel Mennini","isPartOf":{"@id":"https:\/\/www.hotelmennini.com\/fr\/#website"},"primaryImageOfPage":{"@id":"https:\/\/www.hotelmennini.com\/fr\/services\/#primaryimage"},"image":{"@id":"https:\/\/www.hotelmennini.com\/fr\/services\/#primaryimage"},"thumbnailUrl":"https:\/\/www.hotelmennini.com\/wp-content\/uploads\/2016\/01\/link_gallery.jpg","datePublished":"2016-01-26T13:21:00+00:00","dateModified":"2016-01-28T09:36:00+00:00","description":"Services, Hotel Mennini Milan: entre la gare centrale et le coeur de Milan, &agrave; deux pas des stations de m&eacute;tro pour la Foire et le D&ocirc;me.\u00a0","breadcrumb":{"@id":"https:\/\/www.hotelmennini.com\/fr\/services\/#breadcrumb"},"inLanguage":"fr-FR","potentialAction":[{"@type":"ReadAction","target":["https:\/\/www.hotelmennini.com\/fr\/services\/"]}]},{"@type":"ImageObject","inLanguage":"fr-FR","@id":"https:\/\/www.hotelmennini.com\/fr\/services\/#primaryimage","url":"https:\/\/www.hotelmennini.com\/wp-content\/uploads\/2016\/01\/link_gallery.jpg","contentUrl":"https:\/\/www.hotelmennini.com\/wp-content\/uploads\/2016\/01\/link_gallery.jpg"},{"@type":"BreadcrumbList","@id":"https:\/\/www.hotelmennini.com\/fr\/services\/#breadcrumb","itemListElement":[{"@type":"ListItem","position":1,"name":"Home","item":"https:\/\/www.hotelmennini.com\/fr\/"},{"@type":"ListItem","position":2,"name":"Services"}]},{"@type":"WebSite","@id":"https:\/\/www.hotelmennini.com\/fr\/#website","url":"https:\/\/www.hotelmennini.com\/fr\/","name":"Hotel Mennini","description":"","potentialAction":[{"@type":"SearchAction","target":{"@type":"EntryPoint","urlTemplate":"https:\/\/www.hotelmennini.com\/fr\/?s={search_term_string}"},"query-input":{"@type":"PropertyValueSpecification","valueRequired":true,"valueName":"search_term_string"}}],"inLanguage":"fr-FR"}]}},"publishpress_future_action":{"enabled":false,"date":"2026-05-10 17:29:46","action":"change-status","newStatus":"draft","terms":[],"taxonomy":"translation_priority","extraData":[]},"publishpress_future_workflow_manual_trigger":{"enabledWorkflows":[]},"_links":{"self":[{"href":"https:\/\/www.hotelmennini.com\/fr\/wp-json\/wp\/v2\/pages\/1329","targetHints":{"allow":["GET"]}}],"collection":[{"href":"https:\/\/www.hotelmennini.com\/fr\/wp-json\/wp\/v2\/pages"}],"about":[{"href":"https:\/\/www.hotelmennini.com\/fr\/wp-json\/wp\/v2\/types\/page"}],"author":[{"embeddable":true,"href":"https:\/\/www.hotelmennini.com\/fr\/wp-json\/wp\/v2\/users\/30"}],"replies":[{"embeddable":true,"href":"https:\/\/www.hotelmennini.com\/fr\/wp-json\/wp\/v2\/comments?post=1329"}],"version-history":[{"count":2,"href":"https:\/\/www.hotelmennini.com\/fr\/wp-json\/wp\/v2\/pages\/1329\/revisions"}],"predecessor-version":[{"id":1539,"href":"https:\/\/www.hotelmennini.com\/fr\/wp-json\/wp\/v2\/pages\/1329\/revisions\/1539"}],"wp:attachment":[{"href":"https:\/\/www.hotelmennini.com\/fr\/wp-json\/wp\/v2\/media?parent=1329"}],"curies":[{"name":"wp","href":"https:\/\/api.w.org\/{rel}","templated":true}]}}