{"id":1384,"date":"2016-01-26T15:05:03","date_gmt":"2016-01-26T15:05:03","guid":{"rendered":"https:\/\/www.hotelmennini.com\/fr\/?page_id=1384"},"modified":"2018-07-11T14:27:56","modified_gmt":"2018-07-11T14:27:56","slug":"comment-nous-rejoindre","status":"publish","type":"page","link":"https:\/\/www.hotelmennini.com\/fr\/comment-nous-rejoindre\/","title":{"rendered":"Comment nous rejoindre"},"content":{"rendered":"<div class=\"wpb-content-wrapper\">[vc_row el_class=\u00a0\u00bbwrap\u00a0\u00bb][vc_column][vc_gmaps link=\u00a0\u00bb#E-8_JTNDaWZyYW1lJTIwc3JjJTNEJTIyaHR0cHMlM0ElMkYlMkZ3d3cuaG90ZWxtZW5uaW5pLm5vemlvLmJpeiUyRndwLWNvbnRlbnQlMkZ0aGVtZXMlMkZob3RlbG1lbm5pbmklMkZtYXBwYS5odG0lMjIlMjB3aWR0aCUzRCUyMjEwMCUyNSUyMiUyMGhlaWdodCUzRCUyMjU1MHB4JTIyJTIwZnJhbWVib3JkZXIlM0QlMjIwJTIyJTNFJTNDJTJGaWZyYW1lJTNFJTBB\u00a0\u00bb][vc_column_text]\n<h3>Hotel Mennini<\/h3>\n<p class=\"testoda1bis\">Via Napo Torriani, 14<br \/>\n20124 Milan<br \/>\nT\u00e9l. +39 02 6690951<br \/>\nMob. +39 347 0357747<\/p>\n<h3>En avion<\/h3>\n<p class=\"testoda1bis\">Les navettes provenant des a\u00e9roports internationaux de Milan <b>Malpensa<\/b>, Milan <b>Linate<\/b>, Bergame <b>Orio al Serio<\/b>, ont leur terminus \u00e0 la gare Centrale de Milan, \u00e0 300 m\u00e8tres de l&rsquo;h\u00f4tel. De ces terminus, vous arrivez facilement \u00e0 l&rsquo;h\u00f4tel en 7\/8 minutes \u00e0 pied. Traversez Piazza Duca d&rsquo;Aosta devant la gare et prenez Via Napo Torriani, vous \u00eates arriv\u00e9s.<\/p>\n<h3>En tren<\/h3>\n<p class=\"testoda1bis\">L&rsquo;h\u00f4tel se trouve \u00e0 150 m\u00e8tres de la Gare Centrale. Vous arrivez facilement \u00e0 l&rsquo;h\u00f4tel en 7\/8 minutes \u00e0 pied : traversez Piazza Duca d&rsquo;Aosta devant la gare et prenez Via Napo Torriani, vous \u00eates arriv\u00e9s.<\/p>\n<h3>En voiture<\/h3>\n<p>De l&rsquo;A4 en provenance de Venise, prendre le p\u00e9riph\u00e9rique est et sortir \u00e0 \u00ab\u00a0Lambrate\u00a0\u00bb (sortie 8), continuer toujours tout droit sur la Via Rombon et Via Porpora jusqu&rsquo;\u00e0 Piazzale Loreto. Faire le tour de la place et prendre Corso Buenos Aires jusqu&rsquo;\u00e0 Piazza Lima. Prendre \u00e0 droite Via Vitruvio, apr\u00e8s 600 m\u00e8tres, tourner \u00e0 droite Via Lepetit et au rond-point prendre la premi\u00e8re \u00e0 droite Via Torriano, continuer encore 100 m\u00e8tres et vous \u00eates arriv\u00e9s \u00e0 l&rsquo;h\u00f4tel.<\/p>\n<p>De l&rsquo;A4 en provenance de Turin, et de l&rsquo;A8 prendre sortie Viale Certosa, continuer en direction de Piazza Firenze et tourner \u00e0 gauche en direction de la Gare Centrale.<\/p>\n<h3>QR Code<\/h3>\n<p class=\"testoda1bis\">Capturez ce code avec votre smartphone pour sauver H\u00f4tel Mennini adresse et coordonn\u00e9es GPS.<\/p>\n<p><img decoding=\"async\" src=\"https:\/\/www.hotelmennini.com\/wp-content\/uploads\/2014\/01\/QRickit.png\" alt=\"\" \/>[\/vc_column_text][vc_raw_html]JTNDYSUyMGhyZWYlM0QlMjJqYXZhc2NyaXB0JTNBdGhpcy53aW5kb3cucHJpbnQlMjglMjklM0IlMjIlM0VJbXByaW1lciUzQyUyRmElM0U=[\/vc_raw_html][\/vc_column][\/vc_row]\n<\/div>","protected":false},"excerpt":{"rendered":"<p>[vc_row el_class=\u00a0\u00bbwrap\u00a0\u00bb][vc_column][vc_gmaps link=\u00a0\u00bb#E-8_JTNDaWZyYW1lJTIwc3JjJTNEJTIyaHR0cHMlM0ElMkYlMkZ3d3cuaG90ZWxtZW5uaW5pLm5vemlvLmJpeiUyRndwLWNvbnRlbnQlMkZ0aGVtZXMlMkZob3RlbG1lbm5pbmklMkZtYXBwYS5odG0lMjIlMjB3aWR0aCUzRCUyMjEwMCUyNSUyMiUyMGhlaWdodCUzRCUyMjU1MHB4JTIyJTIwZnJhbWVib3JkZXIlM0QlMjIwJTIyJTNFJTNDJTJGaWZyYW1lJTNFJTBB\u00a0\u00bb][vc_column_text] Hotel Mennini Via Napo Torriani, 14 20124 Milan T\u00e9l. +39 02 6690951 Mob. +39 347 0357747 En avion Les navettes provenant des a\u00e9roports internationaux de Milan Malpensa, Milan Linate, Bergame Orio al Serio, ont leur terminus \u00e0 la gare Centrale de Milan, \u00e0 300 m\u00e8tres de l&rsquo;h\u00f4tel. De ces terminus, vous arrivez [&hellip;]<\/p>\n","protected":false},"author":30,"featured_media":0,"parent":0,"menu_order":0,"comment_status":"closed","ping_status":"closed","template":"page_landing.php","meta":{"_genesis_hide_title":false,"_genesis_hide_breadcrumbs":false,"_genesis_hide_singular_image":false,"_genesis_hide_footer_widgets":false,"_genesis_custom_body_class":"comeraggiungerci","_genesis_custom_post_class":"","_genesis_layout":"","footnotes":""},"class_list":{"0":"post-1384","1":"page","2":"type-page","3":"status-publish","5":"entry"},"yoast_head":"<!-- This site is optimized with the Yoast SEO plugin v25.6 - https:\/\/yoast.com\/wordpress\/plugins\/seo\/ -->\n<title>Comment nous rejoindre - Hotel Mennini<\/title>\n<meta name=\"description\" content=\"Comment nous rejoindre, Hotel Mennini: entre la gare centrale et le coeur de Milan, \u00e0 deux pas des stations de m\u00e9tro pour la Foire et le D\u00f4me.\u00a0\" \/>\n<meta name=\"robots\" content=\"index, follow, max-snippet:-1, max-image-preview:large, max-video-preview:-1\" \/>\n<link rel=\"canonical\" href=\"https:\/\/www.hotelmennini.com\/fr\/comment-nous-rejoindre\/\" \/>\n<meta property=\"og:locale\" content=\"fr_FR\" \/>\n<meta property=\"og:type\" content=\"article\" \/>\n<meta property=\"og:title\" content=\"Comment nous rejoindre - Hotel Mennini\" \/>\n<meta property=\"og:description\" content=\"Comment nous rejoindre, Hotel Mennini: entre la gare centrale et le coeur de Milan, \u00e0 deux pas des stations de m\u00e9tro pour la Foire et le D\u00f4me.\u00a0\" \/>\n<meta property=\"og:url\" content=\"https:\/\/www.hotelmennini.com\/fr\/comment-nous-rejoindre\/\" \/>\n<meta property=\"og:site_name\" content=\"Hotel Mennini\" \/>\n<meta property=\"article:modified_time\" content=\"2018-07-11T14:27:56+00:00\" \/>\n<meta property=\"og:image\" content=\"https:\/\/www.hotelmennini.com\/wp-content\/uploads\/2014\/01\/QRickit.png\" \/>\n<meta name=\"twitter:label1\" content=\"Dur\u00e9e de lecture estim\u00e9e\" \/>\n\t<meta name=\"twitter:data1\" content=\"1 minute\" \/>\n<script type=\"application\/ld+json\" class=\"yoast-schema-graph\">{\"@context\":\"https:\/\/schema.org\",\"@graph\":[{\"@type\":\"WebPage\",\"@id\":\"https:\/\/www.hotelmennini.com\/fr\/comment-nous-rejoindre\/\",\"url\":\"https:\/\/www.hotelmennini.com\/fr\/comment-nous-rejoindre\/\",\"name\":\"Comment nous rejoindre - Hotel Mennini\",\"isPartOf\":{\"@id\":\"https:\/\/www.hotelmennini.com\/fr\/#website\"},\"primaryImageOfPage\":{\"@id\":\"https:\/\/www.hotelmennini.com\/fr\/comment-nous-rejoindre\/#primaryimage\"},\"image\":{\"@id\":\"https:\/\/www.hotelmennini.com\/fr\/comment-nous-rejoindre\/#primaryimage\"},\"thumbnailUrl\":\"https:\/\/www.hotelmennini.com\/wp-content\/uploads\/2014\/01\/QRickit.png\",\"datePublished\":\"2016-01-26T15:05:03+00:00\",\"dateModified\":\"2018-07-11T14:27:56+00:00\",\"description\":\"Comment nous rejoindre, Hotel Mennini: entre la gare centrale et le coeur de Milan, \u00e0 deux pas des stations de m\u00e9tro pour la Foire et le D\u00f4me.\u00a0\",\"breadcrumb\":{\"@id\":\"https:\/\/www.hotelmennini.com\/fr\/comment-nous-rejoindre\/#breadcrumb\"},\"inLanguage\":\"fr-FR\",\"potentialAction\":[{\"@type\":\"ReadAction\",\"target\":[\"https:\/\/www.hotelmennini.com\/fr\/comment-nous-rejoindre\/\"]}]},{\"@type\":\"ImageObject\",\"inLanguage\":\"fr-FR\",\"@id\":\"https:\/\/www.hotelmennini.com\/fr\/comment-nous-rejoindre\/#primaryimage\",\"url\":\"https:\/\/www.hotelmennini.com\/wp-content\/uploads\/2014\/01\/QRickit.png\",\"contentUrl\":\"https:\/\/www.hotelmennini.com\/wp-content\/uploads\/2014\/01\/QRickit.png\"},{\"@type\":\"BreadcrumbList\",\"@id\":\"https:\/\/www.hotelmennini.com\/fr\/comment-nous-rejoindre\/#breadcrumb\",\"itemListElement\":[{\"@type\":\"ListItem\",\"position\":1,\"name\":\"Home\",\"item\":\"https:\/\/www.hotelmennini.com\/fr\/\"},{\"@type\":\"ListItem\",\"position\":2,\"name\":\"Comment nous rejoindre\"}]},{\"@type\":\"WebSite\",\"@id\":\"https:\/\/www.hotelmennini.com\/fr\/#website\",\"url\":\"https:\/\/www.hotelmennini.com\/fr\/\",\"name\":\"Hotel Mennini\",\"description\":\"\",\"potentialAction\":[{\"@type\":\"SearchAction\",\"target\":{\"@type\":\"EntryPoint\",\"urlTemplate\":\"https:\/\/www.hotelmennini.com\/fr\/?s={search_term_string}\"},\"query-input\":{\"@type\":\"PropertyValueSpecification\",\"valueRequired\":true,\"valueName\":\"search_term_string\"}}],\"inLanguage\":\"fr-FR\"}]}<\/script>\n<!-- \/ Yoast SEO plugin. -->","yoast_head_json":{"title":"Comment nous rejoindre - Hotel Mennini","description":"Comment nous rejoindre, Hotel Mennini: entre la gare centrale et le coeur de Milan, \u00e0 deux pas des stations de m\u00e9tro pour la Foire et le D\u00f4me.\u00a0","robots":{"index":"index","follow":"follow","max-snippet":"max-snippet:-1","max-image-preview":"max-image-preview:large","max-video-preview":"max-video-preview:-1"},"canonical":"https:\/\/www.hotelmennini.com\/fr\/comment-nous-rejoindre\/","og_locale":"fr_FR","og_type":"article","og_title":"Comment nous rejoindre - Hotel Mennini","og_description":"Comment nous rejoindre, Hotel Mennini: entre la gare centrale et le coeur de Milan, \u00e0 deux pas des stations de m\u00e9tro pour la Foire et le D\u00f4me.\u00a0","og_url":"https:\/\/www.hotelmennini.com\/fr\/comment-nous-rejoindre\/","og_site_name":"Hotel Mennini","article_modified_time":"2018-07-11T14:27:56+00:00","og_image":[{"url":"https:\/\/www.hotelmennini.com\/wp-content\/uploads\/2014\/01\/QRickit.png","type":"","width":"","height":""}],"twitter_misc":{"Dur\u00e9e de lecture estim\u00e9e":"1 minute"},"schema":{"@context":"https:\/\/schema.org","@graph":[{"@type":"WebPage","@id":"https:\/\/www.hotelmennini.com\/fr\/comment-nous-rejoindre\/","url":"https:\/\/www.hotelmennini.com\/fr\/comment-nous-rejoindre\/","name":"Comment nous rejoindre - Hotel Mennini","isPartOf":{"@id":"https:\/\/www.hotelmennini.com\/fr\/#website"},"primaryImageOfPage":{"@id":"https:\/\/www.hotelmennini.com\/fr\/comment-nous-rejoindre\/#primaryimage"},"image":{"@id":"https:\/\/www.hotelmennini.com\/fr\/comment-nous-rejoindre\/#primaryimage"},"thumbnailUrl":"https:\/\/www.hotelmennini.com\/wp-content\/uploads\/2014\/01\/QRickit.png","datePublished":"2016-01-26T15:05:03+00:00","dateModified":"2018-07-11T14:27:56+00:00","description":"Comment nous rejoindre, Hotel Mennini: entre la gare centrale et le coeur de Milan, \u00e0 deux pas des stations de m\u00e9tro pour la Foire et le D\u00f4me.\u00a0","breadcrumb":{"@id":"https:\/\/www.hotelmennini.com\/fr\/comment-nous-rejoindre\/#breadcrumb"},"inLanguage":"fr-FR","potentialAction":[{"@type":"ReadAction","target":["https:\/\/www.hotelmennini.com\/fr\/comment-nous-rejoindre\/"]}]},{"@type":"ImageObject","inLanguage":"fr-FR","@id":"https:\/\/www.hotelmennini.com\/fr\/comment-nous-rejoindre\/#primaryimage","url":"https:\/\/www.hotelmennini.com\/wp-content\/uploads\/2014\/01\/QRickit.png","contentUrl":"https:\/\/www.hotelmennini.com\/wp-content\/uploads\/2014\/01\/QRickit.png"},{"@type":"BreadcrumbList","@id":"https:\/\/www.hotelmennini.com\/fr\/comment-nous-rejoindre\/#breadcrumb","itemListElement":[{"@type":"ListItem","position":1,"name":"Home","item":"https:\/\/www.hotelmennini.com\/fr\/"},{"@type":"ListItem","position":2,"name":"Comment nous rejoindre"}]},{"@type":"WebSite","@id":"https:\/\/www.hotelmennini.com\/fr\/#website","url":"https:\/\/www.hotelmennini.com\/fr\/","name":"Hotel Mennini","description":"","potentialAction":[{"@type":"SearchAction","target":{"@type":"EntryPoint","urlTemplate":"https:\/\/www.hotelmennini.com\/fr\/?s={search_term_string}"},"query-input":{"@type":"PropertyValueSpecification","valueRequired":true,"valueName":"search_term_string"}}],"inLanguage":"fr-FR"}]}},"publishpress_future_action":{"enabled":false,"date":"2026-05-10 19:58:14","action":"change-status","newStatus":"draft","terms":[],"taxonomy":"translation_priority","extraData":[]},"publishpress_future_workflow_manual_trigger":{"enabledWorkflows":[]},"_links":{"self":[{"href":"https:\/\/www.hotelmennini.com\/fr\/wp-json\/wp\/v2\/pages\/1384","targetHints":{"allow":["GET"]}}],"collection":[{"href":"https:\/\/www.hotelmennini.com\/fr\/wp-json\/wp\/v2\/pages"}],"about":[{"href":"https:\/\/www.hotelmennini.com\/fr\/wp-json\/wp\/v2\/types\/page"}],"author":[{"embeddable":true,"href":"https:\/\/www.hotelmennini.com\/fr\/wp-json\/wp\/v2\/users\/30"}],"replies":[{"embeddable":true,"href":"https:\/\/www.hotelmennini.com\/fr\/wp-json\/wp\/v2\/comments?post=1384"}],"version-history":[{"count":4,"href":"https:\/\/www.hotelmennini.com\/fr\/wp-json\/wp\/v2\/pages\/1384\/revisions"}],"predecessor-version":[{"id":1641,"href":"https:\/\/www.hotelmennini.com\/fr\/wp-json\/wp\/v2\/pages\/1384\/revisions\/1641"}],"wp:attachment":[{"href":"https:\/\/www.hotelmennini.com\/fr\/wp-json\/wp\/v2\/media?parent=1384"}],"curies":[{"name":"wp","href":"https:\/\/api.w.org\/{rel}","templated":true}]}}