{"id":36,"date":"2013-09-03T14:21:53","date_gmt":"2013-09-03T14:21:53","guid":{"rendered":"https:\/\/www.hotelmennini.com\/?page_id=36"},"modified":"2017-09-27T09:40:49","modified_gmt":"2017-09-27T09:40:49","slug":"reservations","status":"publish","type":"page","link":"https:\/\/www.hotelmennini.com\/fr\/reservations\/","title":{"rendered":"R\u00e9servations"},"content":{"rendered":"<div class=\"wpb-content-wrapper\">[vc_row el_class=\u00a0\u00bbwrap\u00a0\u00bb][vc_column][vc_column_text el_class=\u00a0\u00bbbox-interno\u00a0\u00bb]\n<h1>R\u00e9servations<\/h1>\n<div class=\"one-half first\">\n<h2><a href=\"https:\/\/book2.nozio.com\/accommodation\/list?channelId=24b95680-280d-46b7-9fc8-b67011ac4308&#038;culture=fr\">V\u00e9rifiez les prix et la disponibilit\u00e9 en ligne<\/a><\/h2>\n<p>Vous d\u00e9sirez v\u00e9rifier maintenant les prix, la disponibilit\u00e9 ou vous voulez r\u00e9server imm\u00e9diatement en choisissant directement votre chambre? Utilisez notre syst\u00e8me de r\u00e9servation en ligne simple et s\u00fbr.<br \/>\nSi le syst\u00e8me ne r\u00e9pond pas \u00e0 vos exigences, nous vous prions de nous contacter en utilisant le formulaire de demande de disponibilit\u00e9.<\/p>\n<\/div>\n<div class=\"one-half\">\n<h2><a href=\"https:\/\/www.hotelmennini.com\/fr\/request-fr\/\">Demande d&rsquo;informations<\/a><\/h2>\n<p>Pr\u00e9f\u00e9rez-vous plut\u00f4t demander des informations par courrier \u00e9lectronique \u00e0 notre personnel? Avez-vous certaines exigences particuli\u00e8res que notre syst\u00e8me de r\u00e9servation en ligne ne r\u00e9ussit pas \u00e0 satisfaire? Remplissez le formulaire de demande de disponibilit\u00e9, et vous recevrez toutes les r\u00e9ponses que vous attendez directement dans votre messagerie \u00e9lectronique.<\/p>\n<\/div>\n<p class=\"spazio\">\n<h3>Transactions s\u00fbres<\/h3>\n<p>Cet site utilise, pour confirmer la r\u00e9servation par carte de cr\u00e9dit, un <strong>serveur s\u00e9curis\u00e9<\/strong> selon la r\u00e9glementation mondiale de chiffrage <strong>Secure Socket Layer (SSL) \u00e0 256 bits<\/strong>.[\/vc_column_text][\/vc_column][\/vc_row]\n<\/div>","protected":false},"excerpt":{"rendered":"<p>[vc_row el_class=\u00a0\u00bbwrap\u00a0\u00bb][vc_column][vc_column_text el_class=\u00a0\u00bbbox-interno\u00a0\u00bb] R\u00e9servations V\u00e9rifiez les prix et la disponibilit\u00e9 en ligne Vous d\u00e9sirez v\u00e9rifier maintenant les prix, la disponibilit\u00e9 ou vous voulez r\u00e9server imm\u00e9diatement en choisissant directement votre chambre? Utilisez notre syst\u00e8me de r\u00e9servation en ligne simple et s\u00fbr. Si le syst\u00e8me ne r\u00e9pond pas \u00e0 vos exigences, nous vous prions de nous contacter [&hellip;]<\/p>\n","protected":false},"author":30,"featured_media":0,"parent":0,"menu_order":0,"comment_status":"open","ping_status":"open","template":"","meta":{"_genesis_hide_title":false,"_genesis_hide_breadcrumbs":false,"_genesis_hide_singular_image":false,"_genesis_hide_footer_widgets":false,"_genesis_custom_body_class":"","_genesis_custom_post_class":"","_genesis_layout":"","footnotes":""},"class_list":{"0":"post-36","1":"page","2":"type-page","3":"status-publish","5":"entry"},"yoast_head":"<!-- This site is optimized with the Yoast SEO plugin v25.6 - https:\/\/yoast.com\/wordpress\/plugins\/seo\/ -->\n<title>R\u00e9servations - Hotel Mennini<\/title>\n<meta name=\"description\" content=\"R\u00e9servations, Hotel Mennini:\" \/>\n<meta name=\"robots\" content=\"noindex, nofollow\" \/>\n<meta property=\"og:locale\" content=\"fr_FR\" \/>\n<meta property=\"og:type\" content=\"article\" \/>\n<meta property=\"og:title\" content=\"R\u00e9servations - Hotel Mennini\" \/>\n<meta property=\"og:description\" content=\"R\u00e9servations, Hotel Mennini:\" \/>\n<meta property=\"og:url\" content=\"https:\/\/www.hotelmennini.com\/fr\/reservations\/\" \/>\n<meta property=\"og:site_name\" content=\"Hotel Mennini\" \/>\n<meta property=\"article:modified_time\" content=\"2017-09-27T09:40:49+00:00\" \/>\n<meta name=\"twitter:label1\" content=\"Dur\u00e9e de lecture estim\u00e9e\" \/>\n\t<meta name=\"twitter:data1\" content=\"1 minute\" \/>\n<script type=\"application\/ld+json\" class=\"yoast-schema-graph\">{\"@context\":\"https:\/\/schema.org\",\"@graph\":[{\"@type\":\"WebPage\",\"@id\":\"https:\/\/www.hotelmennini.com\/fr\/reservations\/\",\"url\":\"https:\/\/www.hotelmennini.com\/fr\/reservations\/\",\"name\":\"R\u00e9servations - Hotel Mennini\",\"isPartOf\":{\"@id\":\"https:\/\/www.hotelmennini.com\/fr\/#website\"},\"datePublished\":\"2013-09-03T14:21:53+00:00\",\"dateModified\":\"2017-09-27T09:40:49+00:00\",\"description\":\"R\u00e9servations, Hotel Mennini:\",\"breadcrumb\":{\"@id\":\"https:\/\/www.hotelmennini.com\/fr\/reservations\/#breadcrumb\"},\"inLanguage\":\"fr-FR\",\"potentialAction\":[{\"@type\":\"ReadAction\",\"target\":[\"https:\/\/www.hotelmennini.com\/fr\/reservations\/\"]}]},{\"@type\":\"BreadcrumbList\",\"@id\":\"https:\/\/www.hotelmennini.com\/fr\/reservations\/#breadcrumb\",\"itemListElement\":[{\"@type\":\"ListItem\",\"position\":1,\"name\":\"Home\",\"item\":\"https:\/\/www.hotelmennini.com\/fr\/\"},{\"@type\":\"ListItem\",\"position\":2,\"name\":\"R\u00e9servations\"}]},{\"@type\":\"WebSite\",\"@id\":\"https:\/\/www.hotelmennini.com\/fr\/#website\",\"url\":\"https:\/\/www.hotelmennini.com\/fr\/\",\"name\":\"Hotel Mennini\",\"description\":\"\",\"potentialAction\":[{\"@type\":\"SearchAction\",\"target\":{\"@type\":\"EntryPoint\",\"urlTemplate\":\"https:\/\/www.hotelmennini.com\/fr\/?s={search_term_string}\"},\"query-input\":{\"@type\":\"PropertyValueSpecification\",\"valueRequired\":true,\"valueName\":\"search_term_string\"}}],\"inLanguage\":\"fr-FR\"}]}<\/script>\n<!-- \/ Yoast SEO plugin. -->","yoast_head_json":{"title":"R\u00e9servations - Hotel Mennini","description":"R\u00e9servations, Hotel Mennini:","robots":{"index":"noindex","follow":"nofollow"},"og_locale":"fr_FR","og_type":"article","og_title":"R\u00e9servations - Hotel Mennini","og_description":"R\u00e9servations, Hotel Mennini:","og_url":"https:\/\/www.hotelmennini.com\/fr\/reservations\/","og_site_name":"Hotel Mennini","article_modified_time":"2017-09-27T09:40:49+00:00","twitter_misc":{"Dur\u00e9e de lecture estim\u00e9e":"1 minute"},"schema":{"@context":"https:\/\/schema.org","@graph":[{"@type":"WebPage","@id":"https:\/\/www.hotelmennini.com\/fr\/reservations\/","url":"https:\/\/www.hotelmennini.com\/fr\/reservations\/","name":"R\u00e9servations - Hotel Mennini","isPartOf":{"@id":"https:\/\/www.hotelmennini.com\/fr\/#website"},"datePublished":"2013-09-03T14:21:53+00:00","dateModified":"2017-09-27T09:40:49+00:00","description":"R\u00e9servations, Hotel Mennini:","breadcrumb":{"@id":"https:\/\/www.hotelmennini.com\/fr\/reservations\/#breadcrumb"},"inLanguage":"fr-FR","potentialAction":[{"@type":"ReadAction","target":["https:\/\/www.hotelmennini.com\/fr\/reservations\/"]}]},{"@type":"BreadcrumbList","@id":"https:\/\/www.hotelmennini.com\/fr\/reservations\/#breadcrumb","itemListElement":[{"@type":"ListItem","position":1,"name":"Home","item":"https:\/\/www.hotelmennini.com\/fr\/"},{"@type":"ListItem","position":2,"name":"R\u00e9servations"}]},{"@type":"WebSite","@id":"https:\/\/www.hotelmennini.com\/fr\/#website","url":"https:\/\/www.hotelmennini.com\/fr\/","name":"Hotel Mennini","description":"","potentialAction":[{"@type":"SearchAction","target":{"@type":"EntryPoint","urlTemplate":"https:\/\/www.hotelmennini.com\/fr\/?s={search_term_string}"},"query-input":{"@type":"PropertyValueSpecification","valueRequired":true,"valueName":"search_term_string"}}],"inLanguage":"fr-FR"}]}},"publishpress_future_action":{"enabled":false,"date":"2026-05-10 17:29:11","action":"change-status","newStatus":"draft","terms":[],"taxonomy":"translation_priority","extraData":[]},"publishpress_future_workflow_manual_trigger":{"enabledWorkflows":[]},"_links":{"self":[{"href":"https:\/\/www.hotelmennini.com\/fr\/wp-json\/wp\/v2\/pages\/36","targetHints":{"allow":["GET"]}}],"collection":[{"href":"https:\/\/www.hotelmennini.com\/fr\/wp-json\/wp\/v2\/pages"}],"about":[{"href":"https:\/\/www.hotelmennini.com\/fr\/wp-json\/wp\/v2\/types\/page"}],"author":[{"embeddable":true,"href":"https:\/\/www.hotelmennini.com\/fr\/wp-json\/wp\/v2\/users\/30"}],"replies":[{"embeddable":true,"href":"https:\/\/www.hotelmennini.com\/fr\/wp-json\/wp\/v2\/comments?post=36"}],"version-history":[{"count":4,"href":"https:\/\/www.hotelmennini.com\/fr\/wp-json\/wp\/v2\/pages\/36\/revisions"}],"predecessor-version":[{"id":1608,"href":"https:\/\/www.hotelmennini.com\/fr\/wp-json\/wp\/v2\/pages\/36\/revisions\/1608"}],"wp:attachment":[{"href":"https:\/\/www.hotelmennini.com\/fr\/wp-json\/wp\/v2\/media?parent=36"}],"curies":[{"name":"wp","href":"https:\/\/api.w.org\/{rel}","templated":true}]}}